{"id":7409,"date":"2025-12-23T10:50:56","date_gmt":"2025-12-23T10:50:56","guid":{"rendered":"https:\/\/papatyadentalclinic.com\/dt-samed\/"},"modified":"2025-12-23T10:50:56","modified_gmt":"2025-12-23T10:50:56","slug":"dt-samed","status":"publish","type":"page","link":"https:\/\/papatyadentalclinic.com\/ru\/dentist-team\/dt-samed\/","title":{"rendered":"DT. SAMED"},"content":{"rendered":"\t\t<div data-elementor-type=\"wp-page\" data-elementor-id=\"7409\" class=\"elementor elementor-7409 elementor-2423\" data-elementor-post-type=\"page\">\n\t\t\t\t<div class=\"elementor-element elementor-element-641df42 e-con-full e-flex e-con e-parent\" data-id=\"641df42\" data-element_type=\"container\" data-e-type=\"container\" data-settings=\"{&quot;background_background&quot;:&quot;classic&quot;}\">\n\t\t<div class=\"elementor-element elementor-element-2d45f0b e-flex e-con-boxed e-con e-child\" data-id=\"2d45f0b\" data-element_type=\"container\" data-e-type=\"container\" data-settings=\"{&quot;background_background&quot;:&quot;classic&quot;}\">\n\t\t\t\t\t<div class=\"e-con-inner\">\n\t\t<div class=\"elementor-element elementor-element-c2f8691 e-con-full e-flex e-con e-child\" data-id=\"c2f8691\" data-element_type=\"container\" data-e-type=\"container\">\n\t\t\t\t<div class=\"elementor-element elementor-element-df7be02 elementor-widget elementor-widget-html\" data-id=\"df7be02\" data-element_type=\"widget\" data-e-type=\"widget\" data-widget_type=\"html.default\">\n\t\t\t\t\t <p style=\"color:#484848;\">\u0420\u043e\u0434\u0438\u043b\u0441\u044f \u0432 1998 \u0433\u043e\u0434\u0443 \u0432 \u0410\u043d\u0442\u0430\u043b\u0438\u0438, Dt. Samed \u043d\u0430\u0447\u0430\u043b \u0441\u0432\u043e\u0435 \u0441\u0442\u043e\u043c\u0430\u0442\u043e\u043b\u043e\u0433\u0438\u0447\u0435\u0441\u043a\u043e\u0435 \u043e\u0431\u0440\u0430\u0437\u043e\u0432\u0430\u043d\u0438\u0435 \u0432 \u0423\u043d\u0438\u0432\u0435\u0440\u0441\u0438\u0442\u0435\u0442\u0435 \u0410\u0434\u044b\u044f\u043c\u0430\u043d \u0432 2016 \u0433\u043e\u0434\u0443 \u0438 \u043e\u043a\u043e\u043d\u0447\u0438\u043b \u0435\u0433\u043e \u0432 \u0441\u0435\u043d\u0442\u044f\u0431\u0440\u0435 2021 \u0433\u043e\u0434\u0430.\r\n\u041e\u043d \u043d\u0430\u0447\u0430\u043b \u0441\u0432\u043e\u044e \u043f\u0440\u043e\u0444\u0435\u0441\u0441\u0438\u043e\u043d\u0430\u043b\u044c\u043d\u0443\u044e \u043a\u0430\u0440\u044c\u0435\u0440\u0443 \u0432 \u043a\u043b\u0438\u043d\u0438\u043a\u0435 K\u00fclt\u00fcre Oral and Dental Health \u0432 \u0442\u043e\u043c \u0436\u0435 \u0433\u043e\u0434\u0443. \u0421 \u0441\u0435\u043d\u0442\u044f\u0431\u0440\u044f 2022 \u0433\u043e\u0434\u0430 \u043e\u043d \u0440\u0430\u0431\u043e\u0442\u0430\u0435\u0442 \u0432 \u041f\u0430\u043f\u0430\u0442\u044f \u0414\u0435\u043d\u0442\u0430\u043b \u0425\u043e\u0441\u043f\u0438\u0442\u0430\u043b, \u0433\u0434\u0435 \u043f\u0440\u043e\u0434\u043e\u043b\u0436\u0430\u0435\u0442 \u043e\u0431\u0441\u043b\u0443\u0436\u0438\u0432\u0430\u0442\u044c \u0441\u0432\u043e\u0438\u0445 \u043f\u0430\u0446\u0438\u0435\u043d\u0442\u043e\u0432.<\/p>\r\n\r\n\t\t\t\t<\/div>\n\t\t\t\t<div class=\"elementor-element elementor-element-701b453 elementor-align-left elementor-hidden-tablet elementor-hidden-mobile elementor-widget elementor-widget-ld_button\" data-id=\"701b453\" data-element_type=\"widget\" data-e-type=\"widget\" data-widget_type=\"ld_button.default\">\n\t\t\t\t<div class=\"elementor-widget-container\">\n\t\t\t\t\t\n\t\t\t<a\n\t\t\t\thref=\"https:\/\/papatyadentalclinic.com\/contact\/\"class=\"elementor-button btn btn-solid btn-icon-shaped btn-has-label\"\t\t\t>\n\t\t\t\t\t\t\t\t\t<span data-text=\"\u0421\u0432\u044f\u0436\u0438\u0442\u0435\u0441\u044c \u0441 \u043d\u0430\u043c\u0438\" class=\"btn-txt\">\n\t\t\t\t\t\t\u0421\u0432\u044f\u0436\u0438\u0442\u0435\u0441\u044c \u0441 \u043d\u0430\u043c\u0438\t\t\t\t\t<\/span>\n\t\t\t\t\t\t\t\t\t\t\t<\/a>\n\t\t\t\t\t\t\t<\/div>\n\t\t\t\t<\/div>\n\t\t\t\t<\/div>\n\t\t<div class=\"elementor-element elementor-element-4854112 e-con-full e-flex e-con e-child\" data-id=\"4854112\" data-element_type=\"container\" data-e-type=\"container\">\n\t\t\t\t<div class=\"elementor-element elementor-element-ba88810 elementor-widget elementor-widget-html\" data-id=\"ba88810\" data-element_type=\"widget\" data-e-type=\"widget\" data-widget_type=\"html.default\">\n\t\t\t\t\t<div class=\"art-frame-wrapper\">\r\n  <div class=\"rotating-frame frame-1\"><\/div>\r\n  <div class=\"rotating-frame frame-2\"><\/div>\r\n\r\n  <div class=\"image-frame video-frame\">\r\n <img src =\"https:\/\/papatyadentalclinic.com\/wp-content\/uploads\/2025\/12\/SAMED.webp\" style=\"height:500px; object-fit:cover;\">\r\n  <\/div>\r\n<\/div>\r\n<style>\r\n.art-frame-wrapper {\r\n  position: relative;\r\n  width: 320px;\r\n  height: 500px;\r\n  margin: auto;\r\n}\r\n\r\n\/* Ana \u00e7er\u00e7eve *\/\r\n.image-frame {\r\n  position: relative;\r\n  z-index: 3;\r\n  width: 100%;\r\n  height: 500px!important;\r\n  border-radius: 260px 260px 30px 30px;\r\n  overflow: hidden;\r\n  border: 2px solid rgba(120,120,100,0.35);\r\n  transition: transform 0.6s ease;\r\n}\r\n\r\n\/* YATAY video i\u00e7in iframe ayar\u0131 *\/\r\n.video-frame iframe {\r\n  position: absolute;\r\n  top: 50%;\r\n  left: 50%;\r\n  width: 130%;\r\n   height: 500px!important;\r\n  transform: translate(-50%, -50%);\r\n  border: none;\r\n}\r\n\r\n\/* Hover \u2013 premium hafif hareket *\/\r\n.art-frame-wrapper:hover .image-frame {\r\n  transform: scale(1.02) translateY(-6px);\r\n}\r\n\r\n\/* D\u00f6nen arka \u00e7er\u00e7eveler *\/\r\n.rotating-frame {\r\n  position: absolute;\r\n  inset: -20px;\r\n  border-radius: 280px 280px 40px 40px;\r\n  border: 1px solid rgba(140,140,120,0.35);\r\n  z-index: 1;\r\n  animation: slowRotate 22s linear infinite;\r\n}\r\n\r\n.frame-2 {\r\n  inset: -40px;\r\n  border-style: dashed;\r\n  animation-duration: 36s;\r\n  opacity: 0.6;\r\n}\r\n\r\n\/* Hover olunca d\u00f6n\u00fc\u015f h\u0131zlan\u0131r *\/\r\n.art-frame-wrapper:hover .rotating-frame {\r\n  animation-duration: 12s;\r\n}\r\n\r\n@keyframes slowRotate {\r\n  from { transform: rotate(0deg); }\r\n  to   { transform: rotate(360deg); }\r\n}\r\n\r\n\/* Mobil *\/\r\n@media (max-width: 768px) {\r\n  .art-frame-wrapper {\r\n    width: 300px;\r\n    height: 380px;\r\n  }\r\n\r\n  .video-frame iframe {\r\n    width: 150%;\r\n  }\r\n}\r\n\r\n<\/style>\t\t\t\t<\/div>\n\t\t\t\t<\/div>\n\t\t\t\t\t<\/div>\n\t\t\t\t<\/div>\n\t\t\t\t<\/div>\n\t\t<div class=\"elementor-element elementor-element-a36fb22 e-flex e-con-boxed e-con e-parent\" data-id=\"a36fb22\" data-element_type=\"container\" data-e-type=\"container\" data-settings=\"{&quot;background_background&quot;:&quot;classic&quot;}\">\n\t\t\t\t\t<div class=\"e-con-inner\">\n\t\t\t\t<div class=\"elementor-element elementor-element-149f3fe elementor-widget elementor-widget-html\" data-id=\"149f3fe\" data-element_type=\"widget\" data-e-type=\"widget\" data-widget_type=\"html.default\">\n\t\t\t\t\t\r\n\r\n<div class=\"scroll-box\"><p>\r\n\r\n\u0414\u043e\u043a\u0442\u043e\u0440 Samed \u043f\u0440\u043e\u0448\u0435\u043b \u043c\u043d\u043e\u0436\u0435\u0441\u0442\u0432\u043e \u043f\u0440\u043e\u0434\u0432\u0438\u043d\u0443\u0442\u044b\u0445 \u043f\u0440\u043e\u0444\u0435\u0441\u0441\u0438\u043e\u043d\u0430\u043b\u044c\u043d\u044b\u0445 \u043a\u0443\u0440\u0441\u043e\u0432, \u0432\u043a\u043b\u044e\u0447\u0430\u044f:\r\n\u042d\u0441\u0442\u0435\u0442\u0438\u0447\u0435\u0441\u043a\u0438\u0435 \u0440\u0435\u0441\u0442\u0430\u0432\u0440\u0430\u0446\u0438\u0438 (2021)\r\n\r\n\u0421\u0435\u043c\u0438\u043d\u0430\u0440 \u043f\u043e \u0438\u043c\u043f\u043b\u0430\u043d\u0442\u0430\u0446\u0438\u0438 Nobel \u0432 \u041a\u0438\u043f\u0440\u0435 (2022)\r\n\r\n\u0420\u0435\u0441\u0442\u0430\u0432\u0440\u0430\u0446\u0438\u0438 \u0438 \u043f\u043b\u0430\u043d\u0438\u0440\u043e\u0432\u0430\u043d\u0438\u0435 \u043d\u0430 \u043e\u0441\u043d\u043e\u0432\u0435 \u0438\u043c\u043f\u043b\u0430\u043d\u0442\u0430\u0442\u043e\u0432 (2022)\r\n\r\n\u0425\u0438\u0440\u0443\u0440\u0433\u0438\u044f \u044d\u0441\u0442\u0435\u0442\u0438\u0447\u0435\u0441\u043a\u043e\u0439 \u043e\u0431\u043b\u0430\u0441\u0442\u0438 \u0438 \u0441\u0442\u0440\u0430\u0442\u0435\u0433\u0438\u0438 3D-\u043f\u043b\u0430\u043d\u0438\u0440\u043e\u0432\u0430\u043d\u0438\u044f (2022)\r\n\r\n\u041d\u0435\u043f\u043e\u0441\u0440\u0435\u0434\u0441\u0442\u0432\u0435\u043d\u043d\u0430\u044f \u043d\u0430\u0433\u0440\u0443\u0437\u043a\u0430 \u0432 \u043f\u0440\u043e\u0442\u0435\u0437\u0438\u0440\u043e\u0432\u0430\u043d\u0438\u0438 \u043d\u0430 \u043e\u0441\u043d\u043e\u0432\u0435 \u0438\u043c\u043f\u043b\u0430\u043d\u0442\u0430\u0442\u043e\u0432 (2023)\r\n\r\n\u0411\u043e\u0442\u043e\u043a\u0441 \u0438 \u0438\u043d\u044a\u0435\u043a\u0446\u0438\u043e\u043d\u043d\u044b\u0435 \u0444\u0438\u043b\u043b\u0435\u0440\u044b (2024)\r\n\r\n\u0424\u043e\u0440\u043c\u0438\u0440\u043e\u0432\u0430\u043d\u0438\u0435 \u043a\u043e\u0440\u043d\u0435\u0432\u044b\u0445 \u043a\u0430\u043d\u0430\u043b\u043e\u0432 \u0438 \u0432\u044b\u0431\u043e\u0440 \u043c\u0430\u0442\u0435\u0440\u0438\u0430\u043b\u043e\u0432 (2024)\r\n\r\n\u041f\u0440\u043e\u0434\u0432\u0438\u043d\u0443\u0442\u0430\u044f \u043f\u0440\u0438\u043a\u043b\u0430\u0434\u043d\u0430\u044f \u0438\u043c\u043f\u043b\u0430\u043d\u0442\u043e\u043b\u043e\u0433\u0438\u044f (2025)\r\n\u041e\u043d \u043f\u0440\u043e\u0434\u043e\u043b\u0436\u0430\u0435\u0442 \u043f\u043e\u0432\u044b\u0448\u0430\u0442\u044c \u0441\u0432\u043e\u044e \u043a\u0432\u0430\u043b\u0438\u0444\u0438\u043a\u0430\u0446\u0438\u044e \u0432 \u043e\u0431\u043b\u0430\u0441\u0442\u0438 \u044d\u0441\u0442\u0435\u0442\u0438\u0447\u0435\u0441\u043a\u043e\u0439 \u0438 \u0438\u043c\u043f\u043b\u0430\u043d\u0442\u043e\u043b\u043e\u0433\u0438\u0447\u0435\u0441\u043a\u043e\u0439 \u0441\u0442\u043e\u043c\u0430\u0442\u043e\u043b\u043e\u0433\u0438\u0438.<\/p>\r\n<\/div>\t\t\t\t<\/div>\n\t\t\t\t\t<\/div>\n\t\t\t\t<\/div>\n\t\t\t\t<\/div>\n\t\t","protected":false},"excerpt":{"rendered":"<p>Born in 1998 in Antalya, Dt. Samed began his dental education at Ad\u0131yaman University in 2016 and graduated in September 2021. He started his professional career at K\u00fclt\u00fcre Oral and Dental Health Clinic in the same year. Since September 2022, he has been working at Papatya Dental Hospital, where he continues to serve his patients. [&hellip;]<\/p>\n","protected":false},"author":1,"featured_media":0,"parent":7513,"menu_order":0,"comment_status":"closed","ping_status":"closed","template":"","meta":{"footnotes":""},"class_list":["post-7409","page","type-page","status-publish","hentry"],"_links":{"self":[{"href":"https:\/\/papatyadentalclinic.com\/ru\/wp-json\/wp\/v2\/pages\/7409","targetHints":{"allow":["GET"]}}],"collection":[{"href":"https:\/\/papatyadentalclinic.com\/ru\/wp-json\/wp\/v2\/pages"}],"about":[{"href":"https:\/\/papatyadentalclinic.com\/ru\/wp-json\/wp\/v2\/types\/page"}],"author":[{"embeddable":true,"href":"https:\/\/papatyadentalclinic.com\/ru\/wp-json\/wp\/v2\/users\/1"}],"replies":[{"embeddable":true,"href":"https:\/\/papatyadentalclinic.com\/ru\/wp-json\/wp\/v2\/comments?post=7409"}],"version-history":[{"count":0,"href":"https:\/\/papatyadentalclinic.com\/ru\/wp-json\/wp\/v2\/pages\/7409\/revisions"}],"up":[{"embeddable":true,"href":"https:\/\/papatyadentalclinic.com\/ru\/wp-json\/wp\/v2\/pages\/7513"}],"wp:attachment":[{"href":"https:\/\/papatyadentalclinic.com\/ru\/wp-json\/wp\/v2\/media?parent=7409"}],"curies":[{"name":"wp","href":"https:\/\/api.w.org\/{rel}","templated":true}]}}