{"id":7381,"date":"2025-12-26T06:37:33","date_gmt":"2025-12-26T06:37:33","guid":{"rendered":"https:\/\/papatyadentalclinic.com\/manifesto\/"},"modified":"2025-12-26T06:37:33","modified_gmt":"2025-12-26T06:37:33","slug":"manifesto","status":"publish","type":"page","link":"https:\/\/papatyadentalclinic.com\/ru\/manifesto\/","title":{"rendered":"\u041c\u0430\u043d\u0438\u0444\u0435\u0441\u0442"},"content":{"rendered":"\t\t<div data-elementor-type=\"wp-page\" data-elementor-id=\"7381\" class=\"elementor elementor-7381 elementor-3094\" data-elementor-post-type=\"page\">\n\t\t\t\t<div class=\"elementor-element elementor-element-3583b7e e-con-full e-flex e-con e-parent\" data-id=\"3583b7e\" data-element_type=\"container\" data-e-type=\"container\" data-settings=\"{&quot;background_background&quot;:&quot;classic&quot;}\">\n\t\t<div class=\"elementor-element elementor-element-ed5e1e1 e-flex e-con-boxed e-con e-child\" data-id=\"ed5e1e1\" data-element_type=\"container\" data-e-type=\"container\" data-settings=\"{&quot;background_background&quot;:&quot;classic&quot;}\">\n\t\t\t\t\t<div class=\"e-con-inner\">\n\t\t<div class=\"elementor-element elementor-element-a193acf e-con-full e-flex e-con e-child\" data-id=\"a193acf\" data-element_type=\"container\" data-e-type=\"container\">\n\t\t\t\t<div class=\"elementor-element elementor-element-dcf7352 elementor-invisible elementor-widget elementor-widget-text-editor\" data-id=\"dcf7352\" data-element_type=\"widget\" data-e-type=\"widget\" data-settings=\"{&quot;_animation&quot;:&quot;fadeInLeft&quot;,&quot;_animation_delay&quot;:400}\" data-widget_type=\"text-editor.default\">\n\t\t\t\t\t\t\t\t\t<p>\u041c\u0430\u043d\u0438\u0444\u0435\u0441\u0442<\/p>\t\t\t\t\t\t\t\t<\/div>\n\t\t\t\t<div class=\"elementor-element elementor-element-b95325c elementor-widget__width-inherit elementor-widget elementor-widget-text-editor\" data-id=\"b95325c\" data-element_type=\"widget\" data-e-type=\"widget\" data-widget_type=\"text-editor.default\">\n\t\t\t\t\t\t\t\t\t<div id=\"wd-6914689e4edf8\" class=\"title-wrapper wd-wpb wd-set-mb reset-last-child wd-rs-6914689e4edf8 wd-title-color-default wd-title-style-default text-left wd-underline-colored\"><div class=\"title-after_title reset-last-child wd-fontsize-s\"><p data-start=\"0\" data-end=\"176\">\u041c\u044b \u0432\u0435\u0440\u0438\u043c, \u0447\u0442\u043e \u0443\u043b\u044b\u0431\u043a\u0430 \u2014 \u044d\u0442\u043e \u043d\u0435 \u043f\u0440\u043e\u0441\u0442\u043e \u0437\u0443\u0431\u044b. \u042d\u0442\u043e \u0443\u0432\u0435\u0440\u0435\u043d\u043d\u043e\u0441\u0442\u044c, \u043a\u043e\u043c\u0444\u043e\u0440\u0442 \u0438 \u0441\u0432\u043e\u0431\u043e\u0434\u0430 \u0432\u044b\u0440\u0430\u0436\u0430\u0442\u044c, \u043a\u0442\u043e \u0432\u044b \u0435\u0441\u0442\u044c.<br \/>\u0412 Papatya Dental \u043c\u044b \u0441\u0443\u0449\u0435\u0441\u0442\u0432\u0443\u0435\u043c, \u0447\u0442\u043e\u0431\u044b \u043f\u0435\u0440\u0435\u043e\u043f\u0440\u0435\u0434\u0435\u043b\u0438\u0442\u044c \u0441\u0442\u043e\u043c\u0430\u0442\u043e\u043b\u043e\u0433\u0438\u0447\u0435\u0441\u043a\u0438\u0439 \u043e\u043f\u044b\u0442 \u0434\u043b\u044f \u043f\u0430\u0446\u0438\u0435\u043d\u0442\u043e\u0432 \u0441\u043e \u0432\u0441\u0435\u0433\u043e \u043c\u0438\u0440\u0430. \u041d\u0435 \u0447\u0435\u0440\u0435\u0437 \u043e\u0431\u0435\u0449\u0430\u043d\u0438\u044f, \u0430 \u0447\u0435\u0440\u0435\u0437 \u0442\u043e\u0447\u043d\u043e\u0441\u0442\u044c, \u0437\u0430\u0431\u043e\u0442\u0443 \u0438 \u0447\u0435\u0441\u0442\u043d\u043e\u0441\u0442\u044c \u0432\u043e \u0432\u0441\u0435\u043c, \u0447\u0442\u043e \u043c\u044b \u0434\u0435\u043b\u0430\u0435\u043c.<\/p><\/div><\/div>\t\t\t\t\t\t\t\t<\/div>\n\t\t\t\t<div class=\"elementor-element elementor-element-734c1a8 elementor-widget__width-inherit elementor-widget elementor-widget-text-editor\" data-id=\"734c1a8\" data-element_type=\"widget\" data-e-type=\"widget\" data-widget_type=\"text-editor.default\">\n\t\t\t\t\t\t\t\t\t<div id=\"wd-6914689e4edf8\" class=\"title-wrapper wd-wpb wd-set-mb reset-last-child wd-rs-6914689e4edf8 wd-title-color-default wd-title-style-default text-left wd-underline-colored\"><div class=\"title-after_title reset-last-child wd-fontsize-s\"><p><span style=\"font-weight: 400;\">\u041c\u044b \u043f\u043e\u0434\u0445\u043e\u0434\u0438\u043c \u043a \u0441\u0442\u043e\u043c\u0430\u0442\u043e\u043b\u043e\u0433\u0438\u0438 \u0441 \u043f\u0440\u043e\u0441\u0442\u044b\u043c \u043f\u0440\u0438\u043d\u0446\u0438\u043f\u043e\u043c: <\/span><b>\u041a\u0430\u0436\u0434\u043e\u0435 \u0440\u0435\u0448\u0435\u043d\u0438\u0435 \u0434\u043e\u043b\u0436\u043d\u043e \u0441\u043b\u0443\u0436\u0438\u0442\u044c \u0434\u043e\u043b\u0433\u043e\u0441\u0440\u043e\u0447\u043d\u043e\u043c\u0443 \u0437\u0434\u043e\u0440\u043e\u0432\u044c\u044e \u0438 \u0431\u043b\u0430\u0433\u043e\u043f\u043e\u043b\u0443\u0447\u0438\u044e \u043f\u0430\u0446\u0438\u0435\u043d\u0442\u0430.<\/b><\/p><\/div><\/div>\t\t\t\t\t\t\t\t<\/div>\n\t\t\t\t<\/div>\n\t\t<div class=\"elementor-element elementor-element-1d951cc e-con-full e-flex e-con e-child\" data-id=\"1d951cc\" data-element_type=\"container\" data-e-type=\"container\">\n\t\t\t\t<div class=\"elementor-element elementor-element-6281490 elementor-widget elementor-widget-html\" data-id=\"6281490\" data-element_type=\"widget\" data-e-type=\"widget\" data-widget_type=\"html.default\">\n\t\t\t\t\t<div class=\"art-frame-wrapper\">\r\n  <div class=\"rotating-frame frame-1\"><\/div>\r\n  <div class=\"rotating-frame frame-2\"><\/div>\r\n\r\n  <div class=\"image-frame\">\r\n    <img decoding=\"async\" src=\"https:\/\/papatyadentalclinic.com\/wp-content\/uploads\/2025\/12\/page-banner-1.webp\" alt=\"Smile Image\">\r\n  <\/div>\r\n<\/div>\r\n<style>\r\n.art-frame-wrapper {\r\n  position: relative;\r\n  width: 320px;\r\n  height: 420px;\r\n  margin: auto;\r\n}\r\n\r\n\/* Ana g\u00f6rsel \u00e7er\u00e7evesi *\/\r\n.image-frame {\r\n  position: relative;\r\n  z-index: 3;\r\n  width: 100%;\r\n  height: 100%;\r\n  border-radius: 260px 260px 30px 30px;\r\n  overflow: hidden;\r\n  border: 2px solid rgba(120,120,100,0.35);\r\n  transition: transform 0.6s ease;\r\n}\r\n\r\n.image-frame img {\r\n  width: 100%;\r\n  height: 100%;\r\n  object-fit: cover;\r\n}\r\n\r\n\/* Hover \u2013 premium hafif hareket *\/\r\n.art-frame-wrapper:hover .image-frame {\r\n  transform: scale(1.02) translateY(-6px);\r\n}\r\n\r\n\/* Arka d\u00f6nen \u00e7er\u00e7eveler *\/\r\n.rotating-frame {\r\n  position: absolute;\r\n  inset: -20px;\r\n  border-radius: 280px 280px 40px 40px;\r\n  border: 1px solid rgba(140,140,120,0.35);\r\n  z-index: 1;\r\n  animation: slowRotate 22s linear infinite;\r\n}\r\n\r\n\/* ikinci \u00e7er\u00e7eve *\/\r\n.frame-2 {\r\n  inset: -40px;\r\n  border-style: dashed;\r\n  animation-duration: 36s;\r\n  opacity: 0.6;\r\n}\r\n\r\n\/* Hover olunca d\u00f6n\u00fc\u015f h\u0131zlan\u0131r *\/\r\n.art-frame-wrapper:hover .rotating-frame {\r\n  animation-duration: 12s;\r\n}\r\n\r\n\/* Animasyon *\/\r\n@keyframes slowRotate {\r\n  from {\r\n    transform: rotate(0deg);\r\n  }\r\n  to {\r\n    transform: rotate(360deg);\r\n  }\r\n}\r\n\r\n\/* Mobil *\/\r\n@media (max-width: 768px) {\r\n  .art-frame-wrapper {\r\n    width: 300px;\r\n    height: 380px;\r\n  }\r\n  \r\n  \r\n  \r\n  \r\n  \r\n  \r\n  \r\n  \r\n  \r\n}\r\n\r\n<\/style>\t\t\t\t<\/div>\n\t\t\t\t<\/div>\n\t\t\t\t\t<\/div>\n\t\t\t\t<\/div>\n\t\t\t\t<\/div>\n\t\t<div class=\"elementor-element elementor-element-3916156 e-flex e-con-boxed e-con e-parent\" data-id=\"3916156\" data-element_type=\"container\" data-e-type=\"container\" data-settings=\"{&quot;background_background&quot;:&quot;classic&quot;}\">\n\t\t\t\t\t<div class=\"e-con-inner\">\n\t\t<div class=\"elementor-element elementor-element-08a1506 e-con-full e-flex e-con e-child\" data-id=\"08a1506\" data-element_type=\"container\" data-e-type=\"container\">\n\t\t\t\t<div class=\"elementor-element elementor-element-45e3f65 elementor-widget__width-inherit elementor-widget elementor-widget-text-editor\" data-id=\"45e3f65\" data-element_type=\"widget\" data-e-type=\"widget\" data-widget_type=\"text-editor.default\">\n\t\t\t\t\t\t\t\t\t<p>\u0421 \u043f\u0435\u0440\u0432\u043e\u0439 \u043a\u043e\u043d\u0441\u0443\u043b\u044c\u0442\u0430\u0446\u0438\u0438 \u0434\u043e \u043a\u043e\u043d\u0435\u0447\u043d\u043e\u0433\u043e \u0440\u0435\u0437\u0443\u043b\u044c\u0442\u0430\u0442\u0430 \u043c\u044b \u0432\u043d\u0438\u043c\u0430\u0442\u0435\u043b\u044c\u043d\u043e \u0441\u043b\u0443\u0448\u0430\u0435\u043c, \u0447\u0435\u0442\u043a\u043e \u043e\u0431\u044a\u044f\u0441\u043d\u044f\u0435\u043c \u0438 \u043e\u0442\u0432\u0435\u0442\u0441\u0442\u0432\u0435\u043d\u043d\u043e \u043b\u0435\u0447\u0438\u043c. \u041f\u043e\u0442\u043e\u043c\u0443 \u0447\u0442\u043e \u0438\u0441\u0442\u0438\u043d\u043d\u043e\u0435 \u043a\u0430\u0447\u0435\u0441\u0442\u0432\u043e \u043d\u0435 \u0442\u0435\u0440\u043f\u0438\u0442 \u0441\u043f\u0435\u0448\u043a\u0438, \u0430 \u0434\u043e\u0432\u0435\u0440\u0438\u0435 \u043d\u0435\u043b\u044c\u0437\u044f \u0442\u043e\u0440\u043e\u043f\u0438\u0442\u044c.<br \/>\u041d\u0430\u0448\u0430 \u0440\u0430\u0431\u043e\u0442\u0430 \u0440\u0443\u043a\u043e\u0432\u043e\u0434\u0441\u0442\u0432\u0443\u0435\u0442\u0441\u044f \u043d\u0430\u0443\u043a\u043e\u0439, \u0444\u043e\u0440\u043c\u0438\u0440\u0443\u0435\u0442\u0441\u044f \u043e\u043f\u044b\u0442\u043e\u043c \u0438 \u0443\u0442\u043e\u0447\u043d\u044f\u0435\u0442\u0441\u044f \u044d\u0441\u0442\u0435\u0442\u0438\u043a\u043e\u0439. \u0421\u043e\u0432\u0440\u0435\u043c\u0435\u043d\u043d\u044b\u0435 \u0442\u0435\u0445\u043d\u043e\u043b\u043e\u0433\u0438\u0438 \u0438 \u043c\u0435\u0442\u043e\u0434\u044b \u2014 \u044d\u0442\u043e \u043d\u0435 \u0438\u043d\u0441\u0442\u0440\u0443\u043c\u0435\u043d\u0442\u044b \u0434\u043b\u044f \u043f\u043e\u043a\u0430\u0437\u0430, \u044d\u0442\u043e \u0438\u043d\u0441\u0442\u0440\u0443\u043c\u0435\u043d\u0442\u044b, \u043a\u043e\u0442\u043e\u0440\u044b\u0435 \u043f\u043e\u0437\u0432\u043e\u043b\u044f\u044e\u0442 \u043d\u0430\u043c \u043f\u0440\u0435\u0434\u043e\u0441\u0442\u0430\u0432\u043b\u044f\u0442\u044c \u0431\u0435\u0437\u043e\u043f\u0430\u0441\u043d\u044b\u0435, \u043f\u0440\u0435\u0434\u0441\u043a\u0430\u0437\u0443\u0435\u043c\u044b\u0435 \u0438 \u0434\u043e\u043b\u0433\u043e\u0432\u0435\u0447\u043d\u044b\u0435 \u0440\u0435\u0437\u0443\u043b\u044c\u0442\u0430\u0442\u044b.<br \/>\u041c\u044b \u0440\u0430\u0441\u0441\u043c\u0430\u0442\u0440\u0438\u0432\u0430\u0435\u043c \u043a\u0430\u0436\u0434\u043e\u0433\u043e \u043f\u0430\u0446\u0438\u0435\u043d\u0442\u0430 \u043a\u0430\u043a \u0438\u043d\u0434\u0438\u0432\u0438\u0434\u0443\u0430\u043b\u044c\u043d\u043e\u0441\u0442\u044c, \u0430 \u043d\u0435 \u043a\u0430\u043a \u0441\u043b\u0443\u0447\u0430\u0439. \u041a\u0430\u0436\u0434\u044b\u0439 \u043f\u043b\u0430\u043d \u043b\u0435\u0447\u0435\u043d\u0438\u044f \u0438\u043d\u0434\u0438\u0432\u0438\u0434\u0443\u0430\u043b\u0435\u043d, \u043a\u0430\u0436\u0434\u043e\u0435 \u043f\u0443\u0442\u0435\u0448\u0435\u0441\u0442\u0432\u0438\u0435 \u0442\u0449\u0430\u0442\u0435\u043b\u044c\u043d\u043e \u043a\u043e\u043e\u0440\u0434\u0438\u043d\u0438\u0440\u043e\u0432\u0430\u043d\u043e, \u043a\u0430\u0436\u0434\u0430\u044f \u0434\u0435\u0442\u0430\u043b\u044c \u0443\u0447\u0442\u0435\u043d\u0430. \u042f\u0441\u043d\u043e\u0441\u0442\u044c, \u043f\u0440\u043e\u0437\u0440\u0430\u0447\u043d\u043e\u0441\u0442\u044c \u0438 \u0447\u0435\u0441\u0442\u043d\u043e\u0441\u0442\u044c \u2014 \u0432 \u043e\u0441\u043d\u043e\u0432\u0435 \u0442\u043e\u0433\u043e, \u043a\u0430\u043a \u043c\u044b \u043e\u0431\u0449\u0430\u0435\u043c\u0441\u044f \u0438 \u0437\u0430\u0431\u043e\u0442\u0438\u043c\u0441\u044f.<br \/>\u041a\u0430\u043a \u043c\u0435\u0436\u0434\u0443\u043d\u0430\u0440\u043e\u0434\u043d\u0430\u044f \u0441\u0442\u043e\u043c\u0430\u0442\u043e\u043b\u043e\u0433\u0438\u0447\u0435\u0441\u043a\u0430\u044f \u043a\u043b\u0438\u043d\u0438\u043a\u0430, \u0440\u0430\u0441\u043f\u043e\u043b\u043e\u0436\u0435\u043d\u043d\u0430\u044f \u0432 \u0422\u0443\u0440\u0446\u0438\u0438, \u043c\u044b \u043e\u0431\u044a\u0435\u0434\u0438\u043d\u044f\u0435\u043c \u043c\u0438\u0440\u043e\u0432\u044b\u0435 \u043a\u043b\u0438\u043d\u0438\u0447\u0435\u0441\u043a\u0438\u0435 \u0441\u0442\u0430\u043d\u0434\u0430\u0440\u0442\u044b \u0441 \u0438\u0441\u043a\u0440\u0435\u043d\u043d\u0438\u043c \u0433\u043e\u0441\u0442\u0435\u043f\u0440\u0438\u0438\u043c\u0441\u0442\u0432\u043e\u043c \u0438 \u043f\u0435\u0440\u0441\u043e\u043d\u0430\u043b\u0438\u0437\u0438\u0440\u043e\u0432\u0430\u043d\u043d\u043e\u0439 \u043f\u043e\u0434\u0434\u0435\u0440\u0436\u043a\u043e\u0439. \u041c\u044b \u043f\u043e\u043d\u0438\u043c\u0430\u0435\u043c, \u0447\u0442\u043e \u0437\u043d\u0430\u0447\u0438\u0442 \u043f\u0443\u0442\u0435\u0448\u0435\u0441\u0442\u0432\u043e\u0432\u0430\u0442\u044c \u0434\u043b\u044f \u043b\u0435\u0447\u0435\u043d\u0438\u044f, \u0438 \u0431\u0435\u0440\u0435\u043c \u043d\u0430 \u0441\u0435\u0431\u044f \u043e\u0442\u0432\u0435\u0442\u0441\u0442\u0432\u0435\u043d\u043d\u043e\u0441\u0442\u044c \u0437\u0430 \u0442\u043e, \u0447\u0442\u043e\u0431\u044b \u044d\u0442\u043e \u043f\u0443\u0442\u0435\u0448\u0435\u0441\u0442\u0432\u0438\u0435 \u0431\u044b\u043b\u043e \u0443\u0441\u043f\u043e\u043a\u0430\u0438\u0432\u0430\u044e\u0449\u0438\u043c, \u0433\u043b\u0430\u0434\u043a\u0438\u043c \u0438 \u0441\u0442\u043e\u044f\u0449\u0438\u043c.<br \/>\u0412 Papatya Dental \u043c\u044b \u043d\u0435 \u0441\u0442\u0440\u0435\u043c\u0438\u043c\u0441\u044f \u043a \u0441\u043e\u0432\u0435\u0440\u0448\u0435\u043d\u0441\u0442\u0432\u0443 \u0442\u043e\u043b\u044c\u043a\u043e \u0432 \u0432\u043d\u0435\u0448\u043d\u043e\u0441\u0442\u0438. \u041c\u044b \u0441\u0442\u0440\u0435\u043c\u0438\u043c\u0441\u044f \u043a \u0431\u0430\u043b\u0430\u043d\u0441\u0443: \u043c\u0435\u0436\u0434\u0443 \u0437\u0434\u043e\u0440\u043e\u0432\u044c\u0435\u043c \u0438 \u043a\u0440\u0430\u0441\u043e\u0442\u043e\u0439, \u0444\u0443\u043d\u043a\u0446\u0438\u0435\u0439 \u0438 \u0444\u043e\u0440\u043c\u043e\u0439, \u0441\u0435\u0433\u043e\u0434\u043d\u044f \u0438 \u0437\u0430\u0432\u0442\u0440\u0430.<br \/>\u041f\u043e\u0442\u043e\u043c\u0443 \u0447\u0442\u043e \u0441\u0442\u043e\u043c\u0430\u0442\u043e\u043b\u043e\u0433\u0438\u044f, \u0432\u044b\u043f\u043e\u043b\u043d\u0435\u043d\u043d\u0430\u044f \u043f\u0440\u0430\u0432\u0438\u043b\u044c\u043d\u043e, \u043c\u0435\u043d\u044f\u0435\u0442 \u0431\u043e\u043b\u044c\u0448\u0435, \u0447\u0435\u043c \u0443\u043b\u044b\u0431\u043a\u0438. \u041e\u043d\u0430 \u043c\u0435\u043d\u044f\u0435\u0442 \u0442\u043e, \u043a\u0430\u043a \u043b\u044e\u0434\u0438 \u0447\u0443\u0432\u0441\u0442\u0432\u0443\u044e\u0442 \u0441\u0435\u0431\u044f \u043e \u0441\u0435\u0431\u0435.<br \/><span style=\"font-weight: 400;\">\u042d\u0442\u043e \u043d\u0430\u0448\u0435 \u043e\u0431\u044f\u0437\u0430\u0442\u0435\u043b\u044c\u0441\u0442\u0432\u043e.<\/span><span style=\"font-weight: 400;\"><br \/><\/span><span style=\"font-weight: 400;\">\u042d\u0442\u043e \u043d\u0430\u0448 \u0441\u0442\u0430\u043d\u0434\u0430\u0440\u0442.<\/span><span style=\"font-weight: 400;\"><br \/><\/span><span style=\"font-weight: 400;\">\u042d\u0442\u043e Papatya Dental.<\/span><\/p>\t\t\t\t\t\t\t\t<\/div>\n\t\t\t\t<div class=\"elementor-element elementor-element-532dd42 elementor-widget elementor-widget-image\" data-id=\"532dd42\" data-element_type=\"widget\" data-e-type=\"widget\" data-widget_type=\"image.default\">\n\t\t\t\t\t\t\t\t\t\t\t\t\t\t\t<img decoding=\"async\" width=\"180\" height=\"60\" src=\"https:\/\/papatyadentalclinic.com\/wp-content\/uploads\/2025\/12\/signature-Ahmet-Metin-Bal.svg\" class=\"attachment-large size-large wp-image-1468\" alt=\"\" \/>\t\t\t\t\t\t\t\t\t\t\t\t\t\t\t<\/div>\n\t\t\t\t<\/div>\n\t\t\t\t\t<\/div>\n\t\t\t\t<\/div>\n\t\t<div class=\"elementor-element elementor-element-792dced e-flex e-con-boxed e-con e-parent\" data-id=\"792dced\" data-element_type=\"container\" data-e-type=\"container\" data-settings=\"{&quot;background_background&quot;:&quot;classic&quot;}\">\n\t\t\t\t\t<div class=\"e-con-inner\">\n\t\t<div class=\"elementor-element elementor-element-7ec3ac5 e-con-full elementor-hidden-tablet elementor-hidden-mobile e-flex e-con e-child\" data-id=\"7ec3ac5\" data-element_type=\"container\" data-e-type=\"container\">\n\t\t\t\t<\/div>\n\t\t<div class=\"elementor-element elementor-element-e5faffc e-con-full e-flex e-con e-child\" data-id=\"e5faffc\" data-element_type=\"container\" data-e-type=\"container\" data-settings=\"{&quot;background_background&quot;:&quot;classic&quot;}\">\n\t\t\t\t<div class=\"elementor-element elementor-element-75b585d elementor-widget elementor-widget-text-editor\" data-id=\"75b585d\" data-element_type=\"widget\" data-e-type=\"widget\" data-widget_type=\"text-editor.default\">\n\t\t\t\t\t\t\t\t\t\u0417\u0430\u043f\u0438\u0441\u0430\u0442\u044c\u0441\u044f \u043d\u0430<span style=\"color: #bcbcbc;\"> <br>\u043f\u0440\u0438\u0435\u043c<\/span>\t\t\t\t\t\t\t\t<\/div>\n\t\t\t\t<div class=\"elementor-element elementor-element-06210f2 elementor-widget elementor-widget-ld_cf722\" data-id=\"06210f2\" data-element_type=\"widget\" data-e-type=\"widget\" data-widget_type=\"ld_cf722.default\">\n\t\t\t\t<div class=\"elementor-widget-container\">\n\t\t\t\t\t\n\t<div class=\"lqd-contact-form         \">\n\t\t\n<div class=\"wpcf7 no-js\" id=\"wpcf7-f561-o1\" lang=\"tr-TR\" dir=\"ltr\" data-wpcf7-id=\"561\">\n<div class=\"screen-reader-response\"><p role=\"status\" aria-live=\"polite\" aria-atomic=\"true\"><\/p> <ul><\/ul><\/div>\n<form action=\"\/ru\/wp-json\/wp\/v2\/pages\/7381#wpcf7-f561-o1\" method=\"post\" class=\"wpcf7-form init\" aria-label=\"\u0130leti\u015fim Formu\" novalidate=\"novalidate\" data-status=\"init\">\n<fieldset class=\"hidden-fields-container\"><input type=\"hidden\" name=\"_wpcf7\" value=\"561\" \/><input type=\"hidden\" name=\"_wpcf7_version\" value=\"6.1.5\" \/><input type=\"hidden\" name=\"_wpcf7_locale\" value=\"tr_TR\" \/><input type=\"hidden\" name=\"_wpcf7_unit_tag\" value=\"wpcf7-f561-o1\" \/><input type=\"hidden\" name=\"_wpcf7_container_post\" value=\"0\" \/><input type=\"hidden\" name=\"_wpcf7_posted_data_hash\" value=\"\" \/>\n<\/fieldset>\n<div class=\"cf7-single-column\" id=\"cf\">\n\t<div class=\"cf7-field2\">\n\t\t<p><label>Name<br \/>\n<span class=\"wpcf7-form-control-wrap\" data-name=\"your-name\"><input size=\"40\" maxlength=\"400\" class=\"wpcf7-form-control wpcf7-text wpcf7-validates-as-required\" autocomplete=\"name\" aria-required=\"true\" aria-invalid=\"false\" placeholder=\"Name Surname\" value=\"\" type=\"text\" name=\"your-name\" \/><\/span><br \/>\n<\/label>\n\t\t<\/p>\n\t<\/div>\n\t<div class=\"cf7-field2\">\n\t\t<p><label>Phone<br \/>\n<span class=\"wpcf7-form-control-wrap\" data-name=\"your-phone\"><input size=\"40\" maxlength=\"400\" class=\"wpcf7-form-control wpcf7-tel wpcf7-validates-as-required wpcf7-text wpcf7-validates-as-tel\" id=\"phone\" aria-required=\"true\" aria-invalid=\"false\" value=\"\" type=\"tel\" name=\"your-phone\" \/><\/span><br \/>\n<\/label>\n\t\t<\/p>\n\t<\/div>\n\t<div class=\"cf7-field2\">\n\t\t<p><label>E-mail<br \/>\n<span class=\"wpcf7-form-control-wrap\" data-name=\"your-email\"><input size=\"40\" maxlength=\"400\" class=\"wpcf7-form-control wpcf7-email wpcf7-validates-as-required wpcf7-text wpcf7-validates-as-email\" autocomplete=\"email\" aria-required=\"true\" aria-invalid=\"false\" placeholder=\"Eg:example@gmail.com\" value=\"\" type=\"email\" name=\"your-email\" \/><\/span><br \/>\n<\/label>\n\t\t<\/p>\n\t<\/div>\n\t<div class=\"cf7-field2\">\n\t\t<p><label>Captcha<br \/>\n<span class=\"wpcf7-form-control-wrap\" data-name=\"math-quiz\"><label><span class=\"wpcf7-quiz-label\">12 + 4 = ?<\/span> <input size=\"40\" class=\"wpcf7-form-control wpcf7-quiz\" autocomplete=\"off\" aria-required=\"true\" aria-invalid=\"false\" type=\"text\" name=\"math-quiz\" \/><\/label><input type=\"hidden\" name=\"_wpcf7_quiz_answer_math-quiz\" value=\"bdc72a41efc6c006fe38640f52440f52\" \/><\/span><br \/>\n<\/label>\n\t\t<\/p>\n\t<\/div>\n\t<div class=\"cf7-field-submit\">\n\t\t<p><input class=\"wpcf7-form-control wpcf7-submit has-spinner\" type=\"submit\" value=\"Request an Appointment\" \/>\n\t\t<\/p>\n\t<\/div>\n<\/div>\n<style>\n\n\/* Yeni ba\u015fl\u0131k *\/\n.form-baslik-ivy{\n font-family: \"ivymode-regular\", Sans-serif;\n font-size: 25px;\n font-weight: 400;\n color: #272727;\n text-align: left;\nline-height:26px;\n}\n\n\/* Form k\u00fc\u00e7\u00fclt\u00fclm\u00fc\u015f yap\u0131 *\/\n.cf7-single-column {\n display: flex;\n flex-direction: column;\n gap: 8px;\n}\n\n.cf7-single-column input[type=\"text\"],\n.cf7-single-column input[type=\"email\"],\n.cf7-single-column input[type=\"tel\"],\n.cf7-single-column textarea {\n width: 100%;\n padding: 6px 8px;\n border: 1px solid #bcbcbc;\n border-radius: 3px;\n font-family: \"Roboto\", Sans-serif;\n font-size: 12px;\n color: #272727;\n}\n\n.cf7-single-column label {\n font-size: 13px;\n color: #272727;\n margin-bottom: 3px;\n}\n\n.cf7-single-column input::placeholder,\n.cf7-single-column textarea::placeholder {\n font-size: 12px;\n color: #9a9a9a;\n}\n\n.cf7-single-column input[type=\"submit\"] {\n background-color: #f2bc4d;\n color: #272727;\n padding: 10px;\n border-radius: 3px;\n font-size: 13px;\n cursor: pointer;\n border: none;\n min-width: 100%;\n transition: .3s;\nmargin-top:10px;\n}\n\n.cf7-single-column input[type=\"submit\"]:hover {\n background-color: #272727;\n color: #bcbcbc;\n}\n\n.cf7-field2 { margin-top: 0em; }\n.iti {\n width: 100%;\n position: relative;\n display: inline-block;\n}\n<\/style><div class=\"wpcf7-response-output\" aria-hidden=\"true\"><\/div>\n<\/form>\n<\/div>\n\t<\/div>\n\n\t\t\t\t\t<\/div>\n\t\t\t\t<\/div>\n\t\t\t\t<\/div>\n\t\t\t\t\t<\/div>\n\t\t\t\t<\/div>\n\t\t\t\t<\/div>\n\t\t","protected":false},"excerpt":{"rendered":"<p>Manifesto We believe a smile is never just about teeth. It is about confidence, comfort, and the freedom to express who you are.At Papatya Dental, we exist to redefine the dental experience for patients from all around the world. Not through promises, but through precision, care, and integrity in everything we do. We approach dentistry [&hellip;]<\/p>\n","protected":false},"author":1,"featured_media":0,"parent":0,"menu_order":0,"comment_status":"closed","ping_status":"closed","template":"","meta":{"footnotes":""},"class_list":["post-7381","page","type-page","status-publish","hentry"],"_links":{"self":[{"href":"https:\/\/papatyadentalclinic.com\/ru\/wp-json\/wp\/v2\/pages\/7381","targetHints":{"allow":["GET"]}}],"collection":[{"href":"https:\/\/papatyadentalclinic.com\/ru\/wp-json\/wp\/v2\/pages"}],"about":[{"href":"https:\/\/papatyadentalclinic.com\/ru\/wp-json\/wp\/v2\/types\/page"}],"author":[{"embeddable":true,"href":"https:\/\/papatyadentalclinic.com\/ru\/wp-json\/wp\/v2\/users\/1"}],"replies":[{"embeddable":true,"href":"https:\/\/papatyadentalclinic.com\/ru\/wp-json\/wp\/v2\/comments?post=7381"}],"version-history":[{"count":0,"href":"https:\/\/papatyadentalclinic.com\/ru\/wp-json\/wp\/v2\/pages\/7381\/revisions"}],"wp:attachment":[{"href":"https:\/\/papatyadentalclinic.com\/ru\/wp-json\/wp\/v2\/media?parent=7381"}],"curies":[{"name":"wp","href":"https:\/\/api.w.org\/{rel}","templated":true}]}}