{"id":7317,"date":"2025-12-26T14:20:16","date_gmt":"2025-12-26T14:20:16","guid":{"rendered":"https:\/\/papatyadentalclinic.com\/treatments\/"},"modified":"2025-12-26T14:20:16","modified_gmt":"2025-12-26T14:20:16","slug":"treatments","status":"publish","type":"page","link":"https:\/\/papatyadentalclinic.com\/ru\/treatments\/","title":{"rendered":"\u041b\u0435\u0447\u0435\u043d\u0438\u044f"},"content":{"rendered":"\t\t<div data-elementor-type=\"wp-page\" data-elementor-id=\"7317\" class=\"elementor elementor-7317 elementor-3476\" data-elementor-post-type=\"page\">\n\t\t\t\t<div class=\"elementor-element elementor-element-a28dcc5 e-flex e-con-boxed e-con e-child\" data-id=\"a28dcc5\" data-element_type=\"container\" data-e-type=\"container\" data-settings=\"{&quot;background_background&quot;:&quot;classic&quot;}\">\n\t\t\t\t\t<div class=\"e-con-inner\">\n\t\t<div class=\"elementor-element elementor-element-91716bb e-con-full e-flex e-con e-child\" data-id=\"91716bb\" data-element_type=\"container\" data-e-type=\"container\">\n\t\t\t\t<div class=\"elementor-element elementor-element-192ad05 elementor-invisible elementor-widget elementor-widget-text-editor\" data-id=\"192ad05\" data-element_type=\"widget\" data-e-type=\"widget\" data-settings=\"{&quot;_animation&quot;:&quot;fadeInLeft&quot;,&quot;_animation_delay&quot;:400}\" data-widget_type=\"text-editor.default\">\n\t\t\t\t\t\t\t\t\t<p>\u041b\u0435\u0447\u0435\u043d\u0438\u0435<\/p>\t\t\t\t\t\t\t\t<\/div>\n\t\t\t\t<\/div>\n\t\t\t\t\t<\/div>\n\t\t\t\t<\/div>\n\t\t<div class=\"elementor-element elementor-element-9183983 e-con-full e-flex e-con e-parent\" data-id=\"9183983\" data-element_type=\"container\" data-e-type=\"container\">\n\t\t<div class=\"elementor-element elementor-element-6fba4dd e-con-full e-flex e-con e-child\" data-id=\"6fba4dd\" data-element_type=\"container\" data-e-type=\"container\">\n\t\t\t\t<div class=\"elementor-element elementor-element-7995029 elementor-widget elementor-widget-html\" data-id=\"7995029\" data-element_type=\"widget\" data-e-type=\"widget\" data-widget_type=\"html.default\">\n\t\t\t\t\t<section class=\"treatment-list\">\r\n    <div class=\"container\">\r\n\r\n        <h2 class=\"category-main-title\">Cosmetic Dentistry<\/h2>\r\n        <div class=\"treatment-grid\">\r\n            <div class=\"treatment-card-horizontal\">\r\n                <div class=\"card-image\"><img decoding=\"async\" src=\"https:\/\/papatyadentalclinic.com\/wp-content\/uploads\/2025\/12\/1.webp\" alt=\"Digital Smile Design\"><\/div>\r\n                <div class=\"card-body\">\r\n                    <h3 class=\"treatment-title\">Digital Smile Design<\/h3>\r\n                    <a href=\"https:\/\/papatyadentalclinic.com\/digital-smile-design\/\" class=\"btn-treatment\">See More Detail<\/a>\r\n                <\/div>\r\n            <\/div>\r\n            <div class=\"treatment-card-horizontal\">\r\n                <div class=\"card-image\"><img decoding=\"async\" src=\"https:\/\/papatyadentalclinic.com\/wp-content\/uploads\/2025\/12\/04b30c4a5a91231a6b9578ed95e78104.jpg\" alt=\"E-Max\"><\/div>\r\n                <div class=\"card-body\">\r\n                    <h3 class=\"treatment-title\">E-Max Laminate Veneers<\/h3>\r\n                    <a href=\"https:\/\/papatyadentalclinic.com\/e-max-laminate-veneers-in-antalya\/\" class=\"btn-treatment\">See More Detail<\/a>\r\n                <\/div>\r\n            <\/div>\r\n            <div class=\"treatment-card-horizontal\">\r\n                <div class=\"card-image\"><img decoding=\"async\" src=\"https:\/\/papatyadentalclinic.com\/wp-content\/uploads\/2025\/12\/9f7412bf947dfb98b09743a7a512eb5e.jpg\" alt=\"Zirconium\"><\/div>\r\n                <div class=\"card-body\">\r\n                    <h3 class=\"treatment-title\">Zirconium Crowns<\/h3>\r\n                    <a href=\"https:\/\/papatyadentalclinic.com\/zirconium-crowns-in-antalya\/\" class=\"btn-treatment\">See More Detail<\/a>\r\n                <\/div>\r\n            <\/div>\r\n            <div class=\"treatment-card-horizontal\">\r\n                <div class=\"card-image\"><img decoding=\"async\" src=\"https:\/\/papatyadentalclinic.com\/wp-content\/uploads\/2025\/12\/6fc0feeaafc1ca7f19e767710a7372a3.jpg\" alt=\"Dental Veneers\"><\/div>\r\n                <div class=\"card-body\">\r\n                    <h3 class=\"treatment-title\">Dental Veneers in Turkey<\/h3>\r\n                    <a href=\"https:\/\/papatyadentalclinic.com\/dental-veneers-in-turkey\/\" class=\"btn-treatment\">See More Detail<\/a>\r\n                <\/div>\r\n            <\/div>\r\n            <div class=\"treatment-card-horizontal\">\r\n                <div class=\"card-image\"><img decoding=\"async\" src=\"https:\/\/papatyadentalclinic.com\/wp-content\/uploads\/2025\/12\/Smile-Makeover-Before-and-After-Case-114-1.jpg\" alt=\"Hollywood Smile\"><\/div>\r\n                <div class=\"card-body\">\r\n                    <h3 class=\"treatment-title\">Hollywood Smile in Turkey<\/h3>\r\n                    <a href=\"https:\/\/papatyadentalclinic.com\/hollywood-smile-in-turkey\/\" class=\"btn-treatment\">See More Detail<\/a>\r\n                <\/div>\r\n            <\/div>\r\n            <div class=\"treatment-card-horizontal\">\r\n                <div class=\"card-image\"><img decoding=\"async\" src=\"https:\/\/papatyadentalclinic.com\/wp-content\/uploads\/2025\/12\/2151042880.jpg\" alt=\"Composite Bonding\"><\/div>\r\n                <div class=\"card-body\">\r\n                    <h3 class=\"treatment-title\">Composite Bonding<\/h3>\r\n                    <a href=\"https:\/\/papatyadentalclinic.com\/composite-bonding-in-turkey\/\" class=\"btn-treatment\">See More Detail<\/a>\r\n                <\/div>\r\n            <\/div>\r\n            <div class=\"treatment-card-horizontal\">\r\n                <div class=\"card-image\"><img decoding=\"async\" src=\"https:\/\/papatyadentalclinic.com\/wp-content\/uploads\/2025\/12\/24397.jpg\" alt=\"Lumineers\"><\/div>\r\n                <div class=\"card-body\">\r\n                    <h3 class=\"treatment-title\">Lumineers<\/h3>\r\n                    <a href=\"https:\/\/papatyadentalclinic.com\/lumineers\/\" class=\"btn-treatment\">See More Detail<\/a>\r\n                <\/div>\r\n            <\/div>\r\n            <div class=\"treatment-card-horizontal\">\r\n                <div class=\"card-image\"><img decoding=\"async\" src=\"https:\/\/papatyadentalclinic.com\/wp-content\/uploads\/2025\/12\/1675.jpg\" alt=\"Teeth Whitening\"><\/div>\r\n                <div class=\"card-body\">\r\n                    <h3 class=\"treatment-title\">Teeth Whitening<\/h3>\r\n                    <a href=\"https:\/\/papatyadentalclinic.com\/teeth-whitening-in-antalya\/\" class=\"btn-treatment\">See More Detail<\/a>\r\n                <\/div>\r\n            <\/div>\r\n            <div class=\"treatment-card-horizontal\">\r\n                <div class=\"card-image\"><img decoding=\"async\" src=\"https:\/\/papatyadentalclinic.com\/wp-content\/uploads\/2025\/12\/11656.jpg%22\" alt=\"Non-Prep\"><\/div>\r\n                <div class=\"card-body\">\r\n                    <h3 class=\"treatment-title\">Non Prep Hollywood Smile<\/h3>\r\n                    <a href=\"https:\/\/papatyadentalclinic.com\/non-prep-hollywood-smile-in-turkey\/\" class=\"btn-treatment\">See More Detail<\/a>\r\n                <\/div>\r\n            <\/div>\r\n        <\/div>\r\n\r\n        <h2 class=\"category-main-title\">Implantology<\/h2>\r\n        <div class=\"treatment-grid\">\r\n            <div class=\"treatment-card-horizontal\">\r\n                <div class=\"card-image\"><img decoding=\"async\" src=\"https:\/\/papatyadentalclinic.com\/wp-content\/uploads\/2025\/12\/4339167.jpg\" alt=\"Implant\"><\/div>\r\n                <div class=\"card-body\">\r\n                    <h3 class=\"treatment-title\">Antalya Dental Implant<\/h3>\r\n                    <a href=\"https:\/\/papatyadentalclinic.com\/antalya-dental-implant\/\" class=\"btn-treatment\">See More Detail<\/a>\r\n                <\/div>\r\n            <\/div>\r\n            <div class=\"treatment-card-horizontal\">\r\n                <div class=\"card-image\"><img decoding=\"async\" src=\"https:\/\/papatyadentalclinic.com\/wp-content\/uploads\/2025\/12\/4597.jpg\" alt=\"All on Four\"><\/div>\r\n                <div class=\"card-body\">\r\n                    <h3 class=\"treatment-title\">All on Four Treatment<\/h3>\r\n                    <a href=\"https:\/\/papatyadentalclinic.com\/all-on-four-treatment-in-antalya\/\" class=\"btn-treatment\">See More Detail<\/a>\r\n                <\/div>\r\n            <\/div>\r\n            <div class=\"treatment-card-horizontal\">\r\n                <div class=\"card-image\"><img decoding=\"async\" src=\"https:\/\/papatyadentalclinic.com\/wp-content\/uploads\/2025\/12\/6307.jpg\" alt=\"All on Six\"><\/div>\r\n                <div class=\"card-body\">\r\n                    <h3 class=\"treatment-title\">All on Six Implants<\/h3>\r\n                    <a href=\"https:\/\/papatyadentalclinic.com\/all-on-six-implants-in-antalya\/\" class=\"btn-treatment\">See More Detail<\/a>\r\n                <\/div>\r\n            <\/div>\r\n            <div class=\"treatment-card-horizontal\">\r\n                <div class=\"card-image\"><img decoding=\"async\" src=\"https:\/\/papatyadentalclinic.com\/wp-content\/uploads\/2025\/12\/8280.jpg\" alt=\"Zygomatic\"><\/div>\r\n                <div class=\"card-body\">\r\n                    <h3 class=\"treatment-title\">Zygomatic Dental Implants<\/h3>\r\n                    <a href=\"https:\/\/papatyadentalclinic.com\/zygomatic-dental-implants-in-turkey\/\" class=\"btn-treatment\">See More Detail<\/a>\r\n                <\/div>\r\n            <\/div>\r\n            <div class=\"treatment-card-horizontal\">\r\n                <div class=\"card-image\"><img src=https:\/\/papatyadentalclinic.com\/wp-content\/uploads\/2025\/12\/66973.jpg\" alt=\"Robotic\"><\/div>\r\n                <div class=\"card-body\">\r\n                    <h3 class=\"treatment-title\">Robotic Dental Implants<\/h3>\r\n                    <a href=\"https:\/\/papatyadentalclinic.com\/robotic-computer-guided-dental-implants-in-antalya\/\" class=\"btn-treatment\">See More Detail<\/a>\r\n                <\/div>\r\n            <\/div>\r\n            <div class=\"treatment-card-horizontal\">\r\n                <div class=\"card-image\"><img decoding=\"async\" src=\"https:\/\/papatyadentalclinic.com\/wp-content\/uploads\/2025\/12\/2147879142.jpg\" alt=\"Diabetic\"><\/div>\r\n                <div class=\"card-body\">\r\n                    <h3 class=\"treatment-title\">Implant for Diabetic Patients<\/h3>\r\n                    <a href=\"https:\/\/papatyadentalclinic.com\/implant-treatment-for-diabetic-patients\/\" class=\"btn-treatment\">See More Detail<\/a>\r\n                <\/div>\r\n            <\/div>\r\n        <\/div>\r\n\r\n        <h2 class=\"category-main-title\">Orthodontic & Pediatric<\/h2>\r\n        <div class=\"treatment-grid\">\r\n            <div class=\"treatment-card-horizontal\">\r\n                <div class=\"card-image\"><img decoding=\"async\" src=\"https:\/\/papatyadentalclinic.com\/wp-content\/uploads\/2025\/12\/65482.jpg\" alt=\"Invisalign\"><\/div>\r\n                <div class=\"card-body\">\r\n                    <h3 class=\"treatment-title\">Invisalign Treatment<\/h3>\r\n                    <a href=\"https:\/\/papatyadentalclinic.com\/invisalign-treatment\/\" class=\"btn-treatment\">See More Detail<\/a>\r\n                <\/div>\r\n            <\/div>\r\n            <div class=\"treatment-card-horizontal\">\r\n                <div class=\"card-image\"><img decoding=\"async\" src=\"https:\/\/papatyadentalclinic.com\/wp-content\/uploads\/2025\/12\/67440.jpg\" alt=\"Orthodontic\"><\/div>\r\n                <div class=\"card-body\">\r\n                    <h3 class=\"treatment-title\">Orthodontic Treatment<\/h3>\r\n                    <a href=\"https:\/\/papatyadentalclinic.com\/orthodontic-treatment\/\" class=\"btn-treatment\">See More Detail<\/a>\r\n                <\/div>\r\n            <\/div>\r\n            <div class=\"treatment-card-horizontal\">\r\n                <div class=\"card-image\"><img decoding=\"async\" src=\"https:\/\/papatyadentalclinic.com\/wp-content\/uploads\/2025\/12\/2148197442.jpg\" alt=\"Pedodontics\"><\/div>\r\n                <div class=\"card-body\">\r\n                    <h3 class=\"treatment-title\">Pedodontics<\/h3>\r\n                    <a href=\"https:\/\/papatyadentalclinic.com\/pedodontics\/\" class=\"btn-treatment\">See More Detail<\/a>\r\n                <\/div>\r\n            <\/div>\r\n            <div class=\"treatment-card-horizontal\">\r\n                <div class=\"card-image\"><img decoding=\"async\" src=\"https:\/\/papatyadentalclinic.com\/wp-content\/uploads\/2025\/12\/14544.jpg\" alt=\"Milkteeth\"><\/div>\r\n                <div class=\"card-body\">\r\n                    <h3 class=\"treatment-title\">Milkteeth Pediatric Packages<\/h3>\r\n                    <a href=\"https:\/\/papatyadentalclinic.com\/milkteeth-pediatric-packages\/\" class=\"btn-treatment\">See More Detail<\/a>\r\n                <\/div>\r\n            <\/div>\r\n        <\/div>\r\n\r\n        <h2 class=\"category-main-title\">Other Treatments<\/h2>\r\n        <div class=\"treatment-grid\">\r\n            <div class=\"treatment-card-horizontal\">\r\n                <div class=\"card-image\"><img decoding=\"async\" src=\"https:\/\/papatyadentalclinic.com\/wp-content\/uploads\/2025\/12\/252942.jpg\" alt=\"Oral Surgery\"><\/div>\r\n                <div class=\"card-body\">\r\n                    <h3 class=\"treatment-title\">Oral & Maxillofacial Surgery<\/h3>\r\n                    <a href=\"https:\/\/papatyadentalclinic.com\/oral-and-maxillofacial-surgery-in-antalya\/\" class=\"btn-treatment\">See More Detail<\/a>\r\n                <\/div>\r\n            <\/div>\r\n            <div class=\"treatment-card-horizontal\">\r\n                <div class=\"card-image\"><img decoding=\"async\" src=\"https:\/\/papatyadentalclinic.com\/wp-content\/uploads\/2025\/12\/18506.jpg\" alt=\"Root Canal\"><\/div>\r\n                <div class=\"card-body\">\r\n                    <h3 class=\"treatment-title\">Root Canal Treatment<\/h3>\r\n                    <a href=\"https:\/\/papatyadentalclinic.com\/root-canal-treatment-in-antalya\/\" class=\"btn-treatment\">See More Detail<\/a>\r\n                <\/div>\r\n            <\/div>\r\n            <div class=\"treatment-card-horizontal\">\r\n                <div class=\"card-image\"><img decoding=\"async\" src=\"https:\/\/papatyadentalclinic.com\/wp-content\/uploads\/2025\/12\/2320.jpg\" alt=\"Gold Crown\"><\/div>\r\n                <div class=\"card-body\">\r\n                    <h3 class=\"treatment-title\">Gold Crown in Antalya<\/h3>\r\n                    <a href=\"https:\/\/papatyadentalclinic.com\/gold-crown-in-antalya\/\" class=\"btn-treatment\">See More Detail<\/a>\r\n                <\/div>\r\n            <\/div>\r\n            <div class=\"treatment-card-horizontal\">\r\n                <div class=\"card-image\"><img decoding=\"async\" src=\"https:\/\/papatyadentalclinic.com\/wp-content\/uploads\/2025\/12\/19635.jpg\" alt=\"Flapless\"><\/div>\r\n                <div class=\"card-body\">\r\n                    <h3 class=\"treatment-title\">Flapless Surgery<\/h3>\r\n                    <a href=\"https:\/\/papatyadentalclinic.com\/flapless-surgery-in-antalya\/\" class=\"btn-treatment\">See More Detail<\/a>\r\n                <\/div>\r\n            <\/div>\r\n            <div class=\"treatment-card-horizontal\">\r\n                <div class=\"card-image\"><img decoding=\"async\" src=\"https:\/\/papatyadentalclinic.com\/wp-content\/uploads\/2025\/12\/54108.jpg\" alt=\"No Waiting\"><\/div>\r\n                <div class=\"card-body\">\r\n                    <h3 class=\"treatment-title\">No Waiting Period Treatment<\/h3>\r\n                    <a href=\"https:\/\/papatyadentalclinic.com\/dental-treatment-without-the-3-month-waiting-period\/\" class=\"btn-treatment\">See More Detail<\/a>\r\n                <\/div>\r\n            <\/div>\r\n            <div class=\"treatment-card-horizontal\">\r\n                <div class=\"card-image\"><img decoding=\"async\" src=\"https:\/\/papatyadentalclinic.com\/wp-content\/uploads\/2025\/12\/74181.jpg\" alt=\"Injection\"><\/div>\r\n                <div class=\"card-body\">\r\n                    <h3 class=\"treatment-title\">Injection Moulding<\/h3>\r\n                    <a href=\"https:\/\/papatyadentalclinic.com\/injection-moulding\/\" class=\"btn-treatment\">See More Detail<\/a>\r\n                <\/div>\r\n            <\/div>\r\n        <\/div>\r\n\r\n    <\/div>\r\n<\/section>\r\n\r\n\r\n<style>\r\n\r\n\r\n@import url('https:\/\/fonts.googleapis.com\/css2?family=Roboto:wght@500&display=swap');\r\n\r\n.treatment-list {\r\n    padding: 60px 0;\r\n    background-color: #fcfcfc;\r\n}\r\n\r\n.container {\r\n    max-width: 1200px;\r\n    margin: 0 auto;\r\n    padding: 0 20px;\r\n}\r\n\r\n\/* Kategori Ba\u015fl\u0131k Stili *\/\r\n.category-main-title {\r\n    font-family: \"ivymode-regular\", Sans-serif;\r\n    color: #484848;\r\n    font-size: 2.2rem;\r\n    margin: 40px 0 25px 0;\r\n    padding-bottom: 10px;\r\n    border-bottom: 2px solid #F2BC4D;\r\n    width: fit-content;\r\n}\r\n\r\n\/* Grid: Masa\u00fcst\u00fc 2 Kolon *\/\r\n.treatment-grid {\r\n    display: grid;\r\n    grid-template-columns: repeat(2, 1fr);\r\n    gap: 25px;\r\n    margin-bottom: 40px;\r\n}\r\n\r\n.treatment-card-horizontal {\r\n    display: flex;\r\n    background-color: #ffffff;\r\n    border-radius: 15px; \/* \u0130stenen Radius *\/\r\n    overflow: hidden;\r\n    box-shadow: 0 4px 15px rgba(0,0,0,0.05);\r\n    transition: all 0.3s ease;\r\n    height: 160px; \/* Sabit y\u00fckseklik *\/\r\n    border: 1px solid #f0f0f0;\r\n}\r\n\r\n.treatment-card-horizontal:hover {\r\n    transform: translateY(-5px);\r\n    box-shadow: 0 10px 25px rgba(0,0,0,0.1);\r\n}\r\n\r\n\/* Sol G\u00f6rsel Alan\u0131 *\/\r\n.card-image {\r\n    width: 35%;\r\n    min-width: 140px;\r\n}\r\n\r\n.card-image img {\r\n    width: 100%;\r\n    height: 100%;\r\n    object-fit: cover;\r\n}\r\n\r\n\/* Sa\u011f \u0130\u00e7erik Alan\u0131 *\/\r\n.card-body {\r\n    width: 65%;\r\n    padding: 15px 20px;\r\n    display: flex;\r\n    flex-direction: column;\r\n    justify-content: center;\r\n    align-items: flex-start;\r\n}\r\n\r\n.treatment-title {\r\n    font-family: \"ivymode-regular\", Sans-serif;\r\n    color: #484848;\r\n    font-size: 1.3rem;\r\n    margin: 0;\r\n    line-height: 1.2;\r\n}\r\n\r\n\/* Buton D\u00fczenlemeleri *\/\r\n.btn-treatment {\r\n    margin-top: 10px; \/* Ba\u015fl\u0131k alt\u0131 10px *\/\r\n    background-color: #F2BC4D;\r\n    color: white;\r\n    text-decoration: none;\r\n    padding: 6px 15px;\r\n    border-radius: 4px;\r\n    font-family: 'Roboto', sans-serif;\r\n    font-size: 11px; \/* Ufak font size *\/\r\n    font-weight: 500;\r\n    text-transform: uppercase;\r\n    letter-spacing: 0.8px;\r\n    transition: background 0.3s;\r\n}\r\n\r\n.btn-treatment:hover {\r\n    background-color: #d9a845;\r\n}\r\n\r\n\/* --- Responsive (Mobil) --- *\/\r\n@media (max-width: 992px) {\r\n    .treatment-grid {\r\n        grid-template-columns: 1fr; \/* Mobilde tek kolon *\/\r\n    }\r\n}\r\n\r\n@media (max-width: 480px) {\r\n    .treatment-card-horizontal {\r\n        height: auto;\r\n        min-height: 120px;\r\n    }\r\n    .category-main-title {\r\n        font-size: 1.8rem;\r\n    }\r\n    .treatment-title {\r\n        font-size: 1.1rem;\r\n    }\r\n}\r\n<\/style>\t\t\t\t<\/div>\n\t\t\t\t<\/div>\n\t\t\t\t<\/div>\n\t\t\t\t<\/div>\n\t\t","protected":false},"excerpt":{"rendered":"<p>Treatments Cosmetic Dentistry Digital Smile Design See More Detail E-Max Laminate Veneers See More Detail Zirconium Crowns See More Detail Dental Veneers in Turkey See More Detail Hollywood Smile in Turkey See More Detail Composite Bonding See More Detail Lumineers See More Detail Teeth Whitening See More Detail Non Prep Hollywood Smile See More Detail [&hellip;]<\/p>\n","protected":false},"author":1,"featured_media":0,"parent":0,"menu_order":0,"comment_status":"closed","ping_status":"closed","template":"","meta":{"footnotes":""},"class_list":["post-7317","page","type-page","status-publish","hentry"],"_links":{"self":[{"href":"https:\/\/papatyadentalclinic.com\/ru\/wp-json\/wp\/v2\/pages\/7317","targetHints":{"allow":["GET"]}}],"collection":[{"href":"https:\/\/papatyadentalclinic.com\/ru\/wp-json\/wp\/v2\/pages"}],"about":[{"href":"https:\/\/papatyadentalclinic.com\/ru\/wp-json\/wp\/v2\/types\/page"}],"author":[{"embeddable":true,"href":"https:\/\/papatyadentalclinic.com\/ru\/wp-json\/wp\/v2\/users\/1"}],"replies":[{"embeddable":true,"href":"https:\/\/papatyadentalclinic.com\/ru\/wp-json\/wp\/v2\/comments?post=7317"}],"version-history":[{"count":0,"href":"https:\/\/papatyadentalclinic.com\/ru\/wp-json\/wp\/v2\/pages\/7317\/revisions"}],"wp:attachment":[{"href":"https:\/\/papatyadentalclinic.com\/ru\/wp-json\/wp\/v2\/media?parent=7317"}],"curies":[{"name":"wp","href":"https:\/\/api.w.org\/{rel}","templated":true}]}}