{"id":7499,"date":"2025-12-18T09:39:06","date_gmt":"2025-12-18T09:39:06","guid":{"rendered":"https:\/\/papatyadentalclinic.com\/blog\/"},"modified":"2025-12-18T09:39:06","modified_gmt":"2025-12-18T09:39:06","slug":"blog","status":"publish","type":"page","link":"https:\/\/papatyadentalclinic.com\/fi\/blog\/","title":{"rendered":"Blogi"},"content":{"rendered":"\t\t<div data-elementor-type=\"wp-page\" data-elementor-id=\"7499\" class=\"elementor elementor-7499 elementor-1568\" data-elementor-post-type=\"page\">\n\t\t\t\t<div class=\"elementor-element elementor-element-94b7e1b e-con-full e-flex e-con e-parent\" data-id=\"94b7e1b\" data-element_type=\"container\" data-e-type=\"container\" data-settings=\"{&quot;background_background&quot;:&quot;classic&quot;}\">\n\t\t<div class=\"elementor-element elementor-element-24bd337 e-flex e-con-boxed e-con e-child\" data-id=\"24bd337\" data-element_type=\"container\" data-e-type=\"container\" data-settings=\"{&quot;background_background&quot;:&quot;classic&quot;}\">\n\t\t\t\t\t<div class=\"e-con-inner\">\n\t\t<div class=\"elementor-element elementor-element-bd5ad61 e-con-full e-flex e-con e-child\" data-id=\"bd5ad61\" data-element_type=\"container\" data-e-type=\"container\">\n\t\t\t\t<div class=\"elementor-element elementor-element-8e90c62 elementor-invisible elementor-widget elementor-widget-text-editor\" data-id=\"8e90c62\" data-element_type=\"widget\" data-e-type=\"widget\" data-settings=\"{&quot;_animation&quot;:&quot;fadeInLeft&quot;,&quot;_animation_delay&quot;:400}\" data-widget_type=\"text-editor.default\">\n\t\t\t\t\t\t\t\t\t<p>Blogi<\/p>\t\t\t\t\t\t\t\t<\/div>\n\t\t\t\t<div class=\"elementor-element elementor-element-5165dec elementor-widget__width-inherit elementor-widget elementor-widget-text-editor\" data-id=\"5165dec\" data-element_type=\"widget\" data-e-type=\"widget\" data-widget_type=\"text-editor.default\">\n\t\t\t\t\t\t\t\t\t<p>Ajankohtaista tietoa suun ja hampaiden terveydest\u00e4, asiantuntijasuosituksia l\u00e4\u00e4k\u00e4reilt\u00e4mme ja vastauksia usein kysyttyihin kysymyksiin hoitoprosesseista l\u00f6ytyy t\u00e4\u00e4lt\u00e4.<\/p>\t\t\t\t\t\t\t\t<\/div>\n\t\t\t\t<\/div>\n\t\t<div class=\"elementor-element elementor-element-aa25730 e-con-full e-flex e-con e-child\" data-id=\"aa25730\" data-element_type=\"container\" data-e-type=\"container\">\n\t\t\t\t<\/div>\n\t\t\t\t\t<\/div>\n\t\t\t\t<\/div>\n\t\t\t\t<\/div>\n\t\t<div class=\"elementor-element elementor-element-abef01e e-flex e-con-boxed e-con e-parent\" data-id=\"abef01e\" data-element_type=\"container\" data-e-type=\"container\">\n\t\t\t\t\t<div class=\"e-con-inner\">\n\t\t\t\t<div class=\"elementor-element elementor-element-6a47261 elementor-widget elementor-widget-ld_blog\" data-id=\"6a47261\" data-element_type=\"widget\" data-e-type=\"widget\" data-widget_type=\"ld_blog.default\">\n\t\t\t\t<div class=\"elementor-widget-container\">\n\t\t\t\t\t<div class=\"lqd-lp-grid 6a47261 blog-id-111440481 \"><div class=\"lqd-lp-row row pos-rel d-flex flex-wrap\" ><div class=\"lqd-lp-column d-flex flex-column col-md-4 col-sm-6 uncategorized\"><article id=\"post-7687\" class=\"lqd-lp pos-rel lqd-lp-style-1 text-start post-7687 post type-post status-publish format-standard has-post-thumbnail hentry category-uncategorized tag-all-on-4 tag-all-on-four tag-all-on-four-price-in-turkey\"><header class=\"lqd-lp-header mb-6\">\n\t\n\t<div class=\"lqd-lp-meta\">\n\t\t<span class=\"screen-reader-text\">Tags <\/span><ul class=\"lqd-lp-cat lqd-lp-cat-shaped lqd-lp-cat-solid lqd-lp-cat-solid-colored reset-ul inline-ul pos-rel z-index-3 font-weight-bold text-uppercase ltr-sp-1\"><li><a class=\"border-radius-circle\" href=\"https:\/\/papatyadentalclinic.com\/category\/uncategorized\/\" rel=\"category\">Uncategorized<\/a><\/li><\/ul>\t<\/div>\n\n\t<h2 class=\"entry-title lqd-lp-title mt-3 mb-3 h5\"><a  href=\"https:\/\/papatyadentalclinic.com\/fi\/kuinka-paljon-all-on-4-maksaa-turkissa-vuonna-2026-kattava-erittely\/\" rel=\"bookmark\">Kuinka paljon All-on-4 maksaa Turkissa vuonna 2026? (Kattava erittely)<\/a><\/h2>\n\t<div class=\"lqd-lp-meta\">\n\t\t<time class=\"lqd-lp-date d-inline-flex align-items-center\" datetime=\"2026-04-30T09:27:41+00:00\">6 p\u00e4iv\u00e4\u00e4 ago<\/time>\n\t\t\t<\/div>\n<\/header>\n<div class=\"lqd-lp-img\"><figure class=\"border-radius-2 overflow-hidden\"><img fetchpriority=\"high\" decoding=\"async\" width=\"700\" height=\"450\" src=\"https:\/\/papatyadentalclinic.com\/wp-content\/uploads\/2026\/04\/1-how-much-does-all-on-four-cost-in-turkey-700x450.webp\" class=\"w-100 wp-post-image\" alt=\"how-much-does-all-on-four-cost-in-turkey\" \/><\/figure><\/div><a  href=\"https:\/\/papatyadentalclinic.com\/fi\/kuinka-paljon-all-on-4-maksaa-turkissa-vuonna-2026-kattava-erittely\/\" class=\"lqd-lp-overlay-link lqd-overlay lqd-cc-label-trigger z-index-2\" tab-index=\"-1\"><\/a><\/article><\/div><div class=\"lqd-lp-column d-flex flex-column col-md-4 col-sm-6 uncategorized-fi\"><article id=\"post-7587\" class=\"lqd-lp pos-rel lqd-lp-style-1 text-start post-7587 post type-post status-publish format-standard has-post-thumbnail hentry category-uncategorized-fi\"><header class=\"lqd-lp-header mb-6\">\n\t\n\t<div class=\"lqd-lp-meta\">\n\t\t<span class=\"screen-reader-text\">Tags <\/span><ul class=\"lqd-lp-cat lqd-lp-cat-shaped lqd-lp-cat-solid lqd-lp-cat-solid-colored reset-ul inline-ul pos-rel z-index-3 font-weight-bold text-uppercase ltr-sp-1\"><li><a class=\"border-radius-circle\" href=\"https:\/\/papatyadentalclinic.com\/fi\/category\/uncategorized-fi\/\" rel=\"category\">Uncategorized @fi<\/a><\/li><\/ul>\t<\/div>\n\n\t<h2 class=\"entry-title lqd-lp-title mt-3 mb-3 h5\"><a  href=\"https:\/\/papatyadentalclinic.com\/fi\/5-simple-habits-for-healthy-teeth\/\" rel=\"bookmark\">5 Simple Habits for Healthy Teeth<\/a><\/h2>\n\t<div class=\"lqd-lp-meta\">\n\t\t<time class=\"lqd-lp-date d-inline-flex align-items-center\" datetime=\"2025-12-15T04:49:01+00:00\">5 kuukautta ago<\/time>\n\t\t\t<\/div>\n<\/header>\n<div class=\"lqd-lp-img\"><figure class=\"border-radius-2 overflow-hidden\"><img decoding=\"async\" width=\"700\" height=\"450\" src=\"https:\/\/papatyadentalclinic.com\/wp-content\/uploads\/2025\/12\/aea114bae1af81eb6b2b3ee502239ddf-700x450.jpg\" class=\"w-100 wp-post-image\" alt=\"\" \/><\/figure><\/div><a  href=\"https:\/\/papatyadentalclinic.com\/fi\/5-simple-habits-for-healthy-teeth\/\" class=\"lqd-lp-overlay-link lqd-overlay lqd-cc-label-trigger z-index-2\" tab-index=\"-1\"><\/a><\/article><\/div><\/div><!--\/ .row --><\/div><!--\/ .lqd-lp-grid -->\t\t\t\t<\/div>\n\t\t\t\t<\/div>\n\t\t\t\t\t<\/div>\n\t\t\t\t<\/div>\n\t\t\t\t<\/div>\n\t\t","protected":false},"excerpt":{"rendered":"<p>Blog Up-to-date information on oral and dental health, expert recommendations from our physicians, and answers to frequently asked questions about treatment processes are all here. Tags Uncategorized Hello world! 3 g\u00fcn ago<\/p>\n","protected":false},"author":1,"featured_media":0,"parent":0,"menu_order":0,"comment_status":"closed","ping_status":"closed","template":"","meta":{"footnotes":""},"class_list":["post-7499","page","type-page","status-publish","hentry"],"_links":{"self":[{"href":"https:\/\/papatyadentalclinic.com\/fi\/wp-json\/wp\/v2\/pages\/7499","targetHints":{"allow":["GET"]}}],"collection":[{"href":"https:\/\/papatyadentalclinic.com\/fi\/wp-json\/wp\/v2\/pages"}],"about":[{"href":"https:\/\/papatyadentalclinic.com\/fi\/wp-json\/wp\/v2\/types\/page"}],"author":[{"embeddable":true,"href":"https:\/\/papatyadentalclinic.com\/fi\/wp-json\/wp\/v2\/users\/1"}],"replies":[{"embeddable":true,"href":"https:\/\/papatyadentalclinic.com\/fi\/wp-json\/wp\/v2\/comments?post=7499"}],"version-history":[{"count":0,"href":"https:\/\/papatyadentalclinic.com\/fi\/wp-json\/wp\/v2\/pages\/7499\/revisions"}],"wp:attachment":[{"href":"https:\/\/papatyadentalclinic.com\/fi\/wp-json\/wp\/v2\/media?parent=7499"}],"curies":[{"name":"wp","href":"https:\/\/api.w.org\/{rel}","templated":true}]}}