{"id":7427,"date":"2025-12-23T06:25:26","date_gmt":"2025-12-23T06:25:26","guid":{"rendered":"https:\/\/papatyadentalclinic.com\/your-smile-maker\/"},"modified":"2025-12-23T06:25:26","modified_gmt":"2025-12-23T06:25:26","slug":"your-smile-maker","status":"publish","type":"page","link":"https:\/\/papatyadentalclinic.com\/fi\/your-smile-maker\/","title":{"rendered":"Hymytekij\u00e4si"},"content":{"rendered":"\t\t<div data-elementor-type=\"wp-page\" data-elementor-id=\"7427\" class=\"elementor elementor-7427 elementor-1956\" data-elementor-post-type=\"page\">\n\t\t\t\t<div class=\"elementor-element elementor-element-343fb38 e-con-full e-flex e-con e-parent\" data-id=\"343fb38\" data-element_type=\"container\" data-e-type=\"container\">\n\t\t\t\t<div class=\"elementor-element elementor-element-fe3d852 elementor-widget__width-inherit elementor-widget elementor-widget-html\" data-id=\"fe3d852\" data-element_type=\"widget\" data-e-type=\"widget\" data-widget_type=\"html.default\">\n\t\t\t\t\t<style>\r\n  .iframe-container {\r\n    position: relative;\r\n    width: 100%;\r\n    height: 0;\r\n    padding-bottom: 56.25%; \/* 16:9 oran\u0131 i\u00e7in, istersen de\u011feri de\u011fi\u015ftir *\/\r\n    overflow: hidden;\r\n  }\r\n  .iframe-container iframe {\r\n    position: absolute;\r\n    top: 0;\r\n    left: 0;\r\n    width: 100%;\r\n    height: 100%;\r\n    border: none;\r\n  }\r\n<\/style>\r\n\r\n<div class=\"iframe-container\">\r\n  <iframe src=\"https:\/\/smile.design\/papatya\/\" allowfullscreen loading=\"lazy\"><\/iframe>\r\n<\/div>\r\n\t\t\t\t<\/div>\n\t\t\t\t<\/div>\n\t\t\t\t<\/div>\n\t\t","protected":false},"excerpt":{"rendered":"","protected":false},"author":1,"featured_media":0,"parent":0,"menu_order":0,"comment_status":"closed","ping_status":"closed","template":"","meta":{"footnotes":""},"class_list":["post-7427","page","type-page","status-publish","hentry"],"_links":{"self":[{"href":"https:\/\/papatyadentalclinic.com\/fi\/wp-json\/wp\/v2\/pages\/7427","targetHints":{"allow":["GET"]}}],"collection":[{"href":"https:\/\/papatyadentalclinic.com\/fi\/wp-json\/wp\/v2\/pages"}],"about":[{"href":"https:\/\/papatyadentalclinic.com\/fi\/wp-json\/wp\/v2\/types\/page"}],"author":[{"embeddable":true,"href":"https:\/\/papatyadentalclinic.com\/fi\/wp-json\/wp\/v2\/users\/1"}],"replies":[{"embeddable":true,"href":"https:\/\/papatyadentalclinic.com\/fi\/wp-json\/wp\/v2\/comments?post=7427"}],"version-history":[{"count":0,"href":"https:\/\/papatyadentalclinic.com\/fi\/wp-json\/wp\/v2\/pages\/7427\/revisions"}],"wp:attachment":[{"href":"https:\/\/papatyadentalclinic.com\/fi\/wp-json\/wp\/v2\/media?parent=7427"}],"curies":[{"name":"wp","href":"https:\/\/api.w.org\/{rel}","templated":true}]}}