{"id":7379,"date":"2025-12-26T06:37:33","date_gmt":"2025-12-26T06:37:33","guid":{"rendered":"https:\/\/papatyadentalclinic.com\/manifesto\/"},"modified":"2025-12-26T06:37:33","modified_gmt":"2025-12-26T06:37:33","slug":"manifesto","status":"publish","type":"page","link":"https:\/\/papatyadentalclinic.com\/fi\/manifesto\/","title":{"rendered":"Manifesti"},"content":{"rendered":"\t\t<div data-elementor-type=\"wp-page\" data-elementor-id=\"7379\" class=\"elementor elementor-7379 elementor-3094\" data-elementor-post-type=\"page\">\n\t\t\t\t<div class=\"elementor-element elementor-element-3583b7e e-con-full e-flex e-con e-parent\" data-id=\"3583b7e\" data-element_type=\"container\" data-e-type=\"container\" data-settings=\"{&quot;background_background&quot;:&quot;classic&quot;}\">\n\t\t<div class=\"elementor-element elementor-element-ed5e1e1 e-flex e-con-boxed e-con e-child\" data-id=\"ed5e1e1\" data-element_type=\"container\" data-e-type=\"container\" data-settings=\"{&quot;background_background&quot;:&quot;classic&quot;}\">\n\t\t\t\t\t<div class=\"e-con-inner\">\n\t\t<div class=\"elementor-element elementor-element-a193acf e-con-full e-flex e-con e-child\" data-id=\"a193acf\" data-element_type=\"container\" data-e-type=\"container\">\n\t\t\t\t<div class=\"elementor-element elementor-element-dcf7352 elementor-invisible elementor-widget elementor-widget-text-editor\" data-id=\"dcf7352\" data-element_type=\"widget\" data-e-type=\"widget\" data-settings=\"{&quot;_animation&quot;:&quot;fadeInLeft&quot;,&quot;_animation_delay&quot;:400}\" data-widget_type=\"text-editor.default\">\n\t\t\t\t\t\t\t\t\t<p>Manifesti<\/p>\t\t\t\t\t\t\t\t<\/div>\n\t\t\t\t<div class=\"elementor-element elementor-element-b95325c elementor-widget__width-inherit elementor-widget elementor-widget-text-editor\" data-id=\"b95325c\" data-element_type=\"widget\" data-e-type=\"widget\" data-widget_type=\"text-editor.default\">\n\t\t\t\t\t\t\t\t\t<div id=\"wd-6914689e4edf8\" class=\"title-wrapper wd-wpb wd-set-mb reset-last-child wd-rs-6914689e4edf8 wd-title-color-default wd-title-style-default text-left wd-underline-colored\"><div class=\"title-after_title reset-last-child wd-fontsize-s\"><p data-start=\"0\" data-end=\"176\">Uskomme, ett\u00e4 hymy ei koskaan ole vain hampaita. Se on itseluottamusta, mukavuutta ja vapautta ilmaista, kuka olet.<br \/>Papatya Dentalissa olemme olemassa m\u00e4\u00e4ritt\u00e4\u00e4ksemme hammasl\u00e4\u00e4k\u00e4rikokemuksen potilaille ymp\u00e4ri maailmaa. Ei lupauksilla, vaan tarkkuudella, huolenpidolla ja rehellisyydell\u00e4 kaikessa, mit\u00e4 teemme.<\/p><\/div><\/div>\t\t\t\t\t\t\t\t<\/div>\n\t\t\t\t<div class=\"elementor-element elementor-element-734c1a8 elementor-widget__width-inherit elementor-widget elementor-widget-text-editor\" data-id=\"734c1a8\" data-element_type=\"widget\" data-e-type=\"widget\" data-widget_type=\"text-editor.default\">\n\t\t\t\t\t\t\t\t\t<div id=\"wd-6914689e4edf8\" class=\"title-wrapper wd-wpb wd-set-mb reset-last-child wd-rs-6914689e4edf8 wd-title-color-default wd-title-style-default text-left wd-underline-colored\"><div class=\"title-after_title reset-last-child wd-fontsize-s\"><p><span style=\"font-weight: 400;\">L\u00e4hestymme hammasl\u00e4\u00e4ketiedett\u00e4 yksinkertaisella periaatteella: <\/span><b>Jokaisen p\u00e4\u00e4t\u00f6ksen on palveltava potilaan pitk\u00e4aikaista terveytt\u00e4 ja hyvinvointia.<\/b><\/p><\/div><\/div>\t\t\t\t\t\t\t\t<\/div>\n\t\t\t\t<\/div>\n\t\t<div class=\"elementor-element elementor-element-1d951cc e-con-full e-flex e-con e-child\" data-id=\"1d951cc\" data-element_type=\"container\" data-e-type=\"container\">\n\t\t\t\t<div class=\"elementor-element elementor-element-6281490 elementor-widget elementor-widget-html\" data-id=\"6281490\" data-element_type=\"widget\" data-e-type=\"widget\" data-widget_type=\"html.default\">\n\t\t\t\t\t<div class=\"art-frame-wrapper\">\r\n  <div class=\"rotating-frame frame-1\"><\/div>\r\n  <div class=\"rotating-frame frame-2\"><\/div>\r\n\r\n  <div class=\"image-frame\">\r\n    <img decoding=\"async\" src=\"https:\/\/papatyadentalclinic.com\/wp-content\/uploads\/2025\/12\/page-banner-1.webp\" alt=\"Smile Image\">\r\n  <\/div>\r\n<\/div>\r\n<style>\r\n.art-frame-wrapper {\r\n  position: relative;\r\n  width: 320px;\r\n  height: 420px;\r\n  margin: auto;\r\n}\r\n\r\n\/* Ana g\u00f6rsel \u00e7er\u00e7evesi *\/\r\n.image-frame {\r\n  position: relative;\r\n  z-index: 3;\r\n  width: 100%;\r\n  height: 100%;\r\n  border-radius: 260px 260px 30px 30px;\r\n  overflow: hidden;\r\n  border: 2px solid rgba(120,120,100,0.35);\r\n  transition: transform 0.6s ease;\r\n}\r\n\r\n.image-frame img {\r\n  width: 100%;\r\n  height: 100%;\r\n  object-fit: cover;\r\n}\r\n\r\n\/* Hover \u2013 premium hafif hareket *\/\r\n.art-frame-wrapper:hover .image-frame {\r\n  transform: scale(1.02) translateY(-6px);\r\n}\r\n\r\n\/* Arka d\u00f6nen \u00e7er\u00e7eveler *\/\r\n.rotating-frame {\r\n  position: absolute;\r\n  inset: -20px;\r\n  border-radius: 280px 280px 40px 40px;\r\n  border: 1px solid rgba(140,140,120,0.35);\r\n  z-index: 1;\r\n  animation: slowRotate 22s linear infinite;\r\n}\r\n\r\n\/* ikinci \u00e7er\u00e7eve *\/\r\n.frame-2 {\r\n  inset: -40px;\r\n  border-style: dashed;\r\n  animation-duration: 36s;\r\n  opacity: 0.6;\r\n}\r\n\r\n\/* Hover olunca d\u00f6n\u00fc\u015f h\u0131zlan\u0131r *\/\r\n.art-frame-wrapper:hover .rotating-frame {\r\n  animation-duration: 12s;\r\n}\r\n\r\n\/* Animasyon *\/\r\n@keyframes slowRotate {\r\n  from {\r\n    transform: rotate(0deg);\r\n  }\r\n  to {\r\n    transform: rotate(360deg);\r\n  }\r\n}\r\n\r\n\/* Mobil *\/\r\n@media (max-width: 768px) {\r\n  .art-frame-wrapper {\r\n    width: 300px;\r\n    height: 380px;\r\n  }\r\n  \r\n  \r\n  \r\n  \r\n  \r\n  \r\n  \r\n  \r\n  \r\n}\r\n\r\n<\/style>\t\t\t\t<\/div>\n\t\t\t\t<\/div>\n\t\t\t\t\t<\/div>\n\t\t\t\t<\/div>\n\t\t\t\t<\/div>\n\t\t<div class=\"elementor-element elementor-element-3916156 e-flex e-con-boxed e-con e-parent\" data-id=\"3916156\" data-element_type=\"container\" data-e-type=\"container\" data-settings=\"{&quot;background_background&quot;:&quot;classic&quot;}\">\n\t\t\t\t\t<div class=\"e-con-inner\">\n\t\t<div class=\"elementor-element elementor-element-08a1506 e-con-full e-flex e-con e-child\" data-id=\"08a1506\" data-element_type=\"container\" data-e-type=\"container\">\n\t\t\t\t<div class=\"elementor-element elementor-element-45e3f65 elementor-widget__width-inherit elementor-widget elementor-widget-text-editor\" data-id=\"45e3f65\" data-element_type=\"widget\" data-e-type=\"widget\" data-widget_type=\"text-editor.default\">\n\t\t\t\t\t\t\t\t\t<p>Ensimm\u00e4isest\u00e4 konsultaatiosta lopulliseen tulokseen kuuntelemme tarkasti, selit\u00e4mme selke\u00e4sti ja hoidamme vastuullisesti. Koska todellinen laatu ei ole kiireellist\u00e4, ja luottamusta ei voi kiirehti\u00e4.<br \/>Ty\u00f6mme perustuu tieteeseen, muotoutuu kokemuksesta ja hioutuu estetiikasta. Kehittynyt teknologia ja modernit tekniikat eiv\u00e4t ole vain n\u00e4ytt\u00f6v\u00e4lineit\u00e4, vaan instrumentteja, jotka mahdollistavat turvallisten, ennustettavien ja kest\u00e4v\u00e4mpien tulosten saavuttamisen.<br \/>N\u00e4emme jokaisen potilaan yksil\u00f6n\u00e4, ei tapauksena. Jokainen hoitosuunnitelma on r\u00e4\u00e4t\u00e4l\u00f6ity, jokainen matka harkitusti koordinoitu, jokainen yksityiskohta huomioitu. Selkeys, l\u00e4pin\u00e4kyvyys ja rehellisyys ovat viestint\u00e4mme ja huolenpidon ytimess\u00e4.<br \/>Kansainv\u00e4lisen\u00e4 hammasl\u00e4\u00e4k\u00e4riklinikkana, joka sijaitsee Turkissa, yhdist\u00e4mme maailmanluokan kliiniset standardit aitoon vieraanvaraisuuteen ja henkil\u00f6kohtaiseen tukeen. Ymm\u00e4rr\u00e4mme, mit\u00e4 hoitoon matkustaminen tarkoittaa, ja otamme vastuun siit\u00e4, ett\u00e4 matka on rauhoittava, sujuva ja vaivan arvoinen.<br \/>Papatya Dentalissa emme pyri t\u00e4ydellisyyteen vain ulkon\u00e4\u00f6ss\u00e4. Pyrimme tasapainoon: terveyden ja kauneuden, toiminnan ja muodon, t\u00e4n\u00e4\u00e4n ja huomenna.<br \/>Koska hammasl\u00e4\u00e4ketiede, kun se tehd\u00e4\u00e4n oikein, muuttaa enemm\u00e4n kuin hymyj\u00e4. Se muuttaa, miten ihmiset tuntevat itsens\u00e4.<br \/><span style=\"font-weight: 400;\">T\u00e4m\u00e4 on sitoumuksemme.<\/span><span style=\"font-weight: 400;\"><br \/><\/span><span style=\"font-weight: 400;\">T\u00e4m\u00e4 on standardimme.<\/span><span style=\"font-weight: 400;\"><br \/><\/span><span style=\"font-weight: 400;\">T\u00e4m\u00e4 on Papatya Dental.<\/span><\/p>\t\t\t\t\t\t\t\t<\/div>\n\t\t\t\t<div class=\"elementor-element elementor-element-532dd42 elementor-widget elementor-widget-image\" data-id=\"532dd42\" data-element_type=\"widget\" data-e-type=\"widget\" data-widget_type=\"image.default\">\n\t\t\t\t\t\t\t\t\t\t\t\t\t\t\t<img decoding=\"async\" width=\"180\" height=\"60\" src=\"https:\/\/papatyadentalclinic.com\/wp-content\/uploads\/2025\/12\/signature-Ahmet-Metin-Bal.svg\" class=\"attachment-large size-large wp-image-1468\" alt=\"\" \/>\t\t\t\t\t\t\t\t\t\t\t\t\t\t\t<\/div>\n\t\t\t\t<\/div>\n\t\t\t\t\t<\/div>\n\t\t\t\t<\/div>\n\t\t<div class=\"elementor-element elementor-element-792dced e-flex e-con-boxed e-con e-parent\" data-id=\"792dced\" data-element_type=\"container\" data-e-type=\"container\" data-settings=\"{&quot;background_background&quot;:&quot;classic&quot;}\">\n\t\t\t\t\t<div class=\"e-con-inner\">\n\t\t<div class=\"elementor-element elementor-element-7ec3ac5 e-con-full elementor-hidden-tablet elementor-hidden-mobile e-flex e-con e-child\" data-id=\"7ec3ac5\" data-element_type=\"container\" data-e-type=\"container\">\n\t\t\t\t<\/div>\n\t\t<div class=\"elementor-element elementor-element-e5faffc e-con-full e-flex e-con e-child\" data-id=\"e5faffc\" data-element_type=\"container\" data-e-type=\"container\" data-settings=\"{&quot;background_background&quot;:&quot;classic&quot;}\">\n\t\t\t\t<div class=\"elementor-element elementor-element-75b585d elementor-widget elementor-widget-text-editor\" data-id=\"75b585d\" data-element_type=\"widget\" data-e-type=\"widget\" data-widget_type=\"text-editor.default\">\n\t\t\t\t\t\t\t\t\tVaraa<span style=\"color: #bcbcbc;\"> <br>Vastaanotto<\/span>\t\t\t\t\t\t\t\t<\/div>\n\t\t\t\t<div class=\"elementor-element elementor-element-06210f2 elementor-widget elementor-widget-ld_cf722\" data-id=\"06210f2\" data-element_type=\"widget\" data-e-type=\"widget\" data-widget_type=\"ld_cf722.default\">\n\t\t\t\t<div class=\"elementor-widget-container\">\n\t\t\t\t\t\n\t<div class=\"lqd-contact-form         \">\n\t\t\n<div class=\"wpcf7 no-js\" id=\"wpcf7-f561-o1\" lang=\"tr-TR\" dir=\"ltr\" data-wpcf7-id=\"561\">\n<div class=\"screen-reader-response\"><p role=\"status\" aria-live=\"polite\" aria-atomic=\"true\"><\/p> <ul><\/ul><\/div>\n<form action=\"\/fi\/wp-json\/wp\/v2\/pages\/7379#wpcf7-f561-o1\" method=\"post\" class=\"wpcf7-form init\" aria-label=\"\u0130leti\u015fim Formu\" novalidate=\"novalidate\" data-status=\"init\">\n<fieldset class=\"hidden-fields-container\"><input type=\"hidden\" name=\"_wpcf7\" value=\"561\" \/><input type=\"hidden\" name=\"_wpcf7_version\" value=\"6.1.5\" \/><input type=\"hidden\" name=\"_wpcf7_locale\" value=\"tr_TR\" \/><input type=\"hidden\" name=\"_wpcf7_unit_tag\" value=\"wpcf7-f561-o1\" \/><input type=\"hidden\" name=\"_wpcf7_container_post\" value=\"0\" \/><input type=\"hidden\" name=\"_wpcf7_posted_data_hash\" value=\"\" \/>\n<\/fieldset>\n<div class=\"cf7-single-column\" id=\"cf\">\n\t<div class=\"cf7-field2\">\n\t\t<p><label>Name<br \/>\n<span class=\"wpcf7-form-control-wrap\" data-name=\"your-name\"><input size=\"40\" maxlength=\"400\" class=\"wpcf7-form-control wpcf7-text wpcf7-validates-as-required\" autocomplete=\"name\" aria-required=\"true\" aria-invalid=\"false\" placeholder=\"Name Surname\" value=\"\" type=\"text\" name=\"your-name\" \/><\/span><br \/>\n<\/label>\n\t\t<\/p>\n\t<\/div>\n\t<div class=\"cf7-field2\">\n\t\t<p><label>Phone<br \/>\n<span class=\"wpcf7-form-control-wrap\" data-name=\"your-phone\"><input size=\"40\" maxlength=\"400\" class=\"wpcf7-form-control wpcf7-tel wpcf7-validates-as-required wpcf7-text wpcf7-validates-as-tel\" id=\"phone\" aria-required=\"true\" aria-invalid=\"false\" value=\"\" type=\"tel\" name=\"your-phone\" \/><\/span><br \/>\n<\/label>\n\t\t<\/p>\n\t<\/div>\n\t<div class=\"cf7-field2\">\n\t\t<p><label>E-mail<br \/>\n<span class=\"wpcf7-form-control-wrap\" data-name=\"your-email\"><input size=\"40\" maxlength=\"400\" class=\"wpcf7-form-control wpcf7-email wpcf7-validates-as-required wpcf7-text wpcf7-validates-as-email\" autocomplete=\"email\" aria-required=\"true\" aria-invalid=\"false\" placeholder=\"Eg:example@gmail.com\" value=\"\" type=\"email\" name=\"your-email\" \/><\/span><br \/>\n<\/label>\n\t\t<\/p>\n\t<\/div>\n\t<div class=\"cf7-field2\">\n\t\t<p><label>Captcha<br \/>\n<span class=\"wpcf7-form-control-wrap\" data-name=\"math-quiz\"><label><span class=\"wpcf7-quiz-label\">12 + 4 = ?<\/span> <input size=\"40\" class=\"wpcf7-form-control wpcf7-quiz\" autocomplete=\"off\" aria-required=\"true\" aria-invalid=\"false\" type=\"text\" name=\"math-quiz\" \/><\/label><input type=\"hidden\" name=\"_wpcf7_quiz_answer_math-quiz\" value=\"bdc72a41efc6c006fe38640f52440f52\" \/><\/span><br \/>\n<\/label>\n\t\t<\/p>\n\t<\/div>\n\t<div class=\"cf7-field-submit\">\n\t\t<p><input class=\"wpcf7-form-control wpcf7-submit has-spinner\" type=\"submit\" value=\"Request an Appointment\" \/>\n\t\t<\/p>\n\t<\/div>\n<\/div>\n<style>\n\n\/* Yeni ba\u015fl\u0131k *\/\n.form-baslik-ivy{\n font-family: \"ivymode-regular\", Sans-serif;\n font-size: 25px;\n font-weight: 400;\n color: #272727;\n text-align: left;\nline-height:26px;\n}\n\n\/* Form k\u00fc\u00e7\u00fclt\u00fclm\u00fc\u015f yap\u0131 *\/\n.cf7-single-column {\n display: flex;\n flex-direction: column;\n gap: 8px;\n}\n\n.cf7-single-column input[type=\"text\"],\n.cf7-single-column input[type=\"email\"],\n.cf7-single-column input[type=\"tel\"],\n.cf7-single-column textarea {\n width: 100%;\n padding: 6px 8px;\n border: 1px solid #bcbcbc;\n border-radius: 3px;\n font-family: \"Roboto\", Sans-serif;\n font-size: 12px;\n color: #272727;\n}\n\n.cf7-single-column label {\n font-size: 13px;\n color: #272727;\n margin-bottom: 3px;\n}\n\n.cf7-single-column input::placeholder,\n.cf7-single-column textarea::placeholder {\n font-size: 12px;\n color: #9a9a9a;\n}\n\n.cf7-single-column input[type=\"submit\"] {\n background-color: #f2bc4d;\n color: #272727;\n padding: 10px;\n border-radius: 3px;\n font-size: 13px;\n cursor: pointer;\n border: none;\n min-width: 100%;\n transition: .3s;\nmargin-top:10px;\n}\n\n.cf7-single-column input[type=\"submit\"]:hover {\n background-color: #272727;\n color: #bcbcbc;\n}\n\n.cf7-field2 { margin-top: 0em; }\n.iti {\n width: 100%;\n position: relative;\n display: inline-block;\n}\n<\/style><div class=\"wpcf7-response-output\" aria-hidden=\"true\"><\/div>\n<\/form>\n<\/div>\n\t<\/div>\n\n\t\t\t\t\t<\/div>\n\t\t\t\t<\/div>\n\t\t\t\t<\/div>\n\t\t\t\t\t<\/div>\n\t\t\t\t<\/div>\n\t\t\t\t<\/div>\n\t\t","protected":false},"excerpt":{"rendered":"<p>Manifesto We believe a smile is never just about teeth. It is about confidence, comfort, and the freedom to express who you are.At Papatya Dental, we exist to redefine the dental experience for patients from all around the world. Not through promises, but through precision, care, and integrity in everything we do. We approach dentistry [&hellip;]<\/p>\n","protected":false},"author":1,"featured_media":0,"parent":0,"menu_order":0,"comment_status":"closed","ping_status":"closed","template":"","meta":{"footnotes":""},"class_list":["post-7379","page","type-page","status-publish","hentry"],"_links":{"self":[{"href":"https:\/\/papatyadentalclinic.com\/fi\/wp-json\/wp\/v2\/pages\/7379","targetHints":{"allow":["GET"]}}],"collection":[{"href":"https:\/\/papatyadentalclinic.com\/fi\/wp-json\/wp\/v2\/pages"}],"about":[{"href":"https:\/\/papatyadentalclinic.com\/fi\/wp-json\/wp\/v2\/types\/page"}],"author":[{"embeddable":true,"href":"https:\/\/papatyadentalclinic.com\/fi\/wp-json\/wp\/v2\/users\/1"}],"replies":[{"embeddable":true,"href":"https:\/\/papatyadentalclinic.com\/fi\/wp-json\/wp\/v2\/comments?post=7379"}],"version-history":[{"count":0,"href":"https:\/\/papatyadentalclinic.com\/fi\/wp-json\/wp\/v2\/pages\/7379\/revisions"}],"wp:attachment":[{"href":"https:\/\/papatyadentalclinic.com\/fi\/wp-json\/wp\/v2\/media?parent=7379"}],"curies":[{"name":"wp","href":"https:\/\/api.w.org\/{rel}","templated":true}]}}