{"id":7270,"date":"2026-01-10T11:50:14","date_gmt":"2026-01-10T11:50:14","guid":{"rendered":"https:\/\/papatyadentalclinic.com\/not-found\/"},"modified":"2026-01-10T11:50:14","modified_gmt":"2026-01-10T11:50:14","slug":"not-found","status":"publish","type":"page","link":"https:\/\/papatyadentalclinic.com\/fi\/not-found\/","title":{"rendered":"ei l\u00f6ytynyt"},"content":{"rendered":"\t\t<div data-elementor-type=\"wp-page\" data-elementor-id=\"7270\" class=\"elementor elementor-7270 elementor-4345\" data-elementor-post-type=\"page\">\n\t\t\t\t<div class=\"elementor-element elementor-element-502e06f e-flex e-con-boxed e-con e-child\" data-id=\"502e06f\" data-element_type=\"container\" data-e-type=\"container\" data-settings=\"{&quot;background_background&quot;:&quot;classic&quot;}\">\n\t\t\t\t\t<div class=\"e-con-inner\">\n\t\t<div class=\"elementor-element elementor-element-b9b8570 e-con-full e-flex e-con e-child\" data-id=\"b9b8570\" data-element_type=\"container\" data-e-type=\"container\">\n\t\t\t\t<div class=\"elementor-element elementor-element-11ce602 elementor-widget elementor-widget-html\" data-id=\"11ce602\" data-element_type=\"widget\" data-e-type=\"widget\" data-widget_type=\"html.default\">\n\t\t\t\t\t<div class=\"badge-container\">\r\n    <span class=\"status-badge\">404<\/span>\r\n    <span class=\"badge-text\">Sivua ei l\u00f6ytynyt<\/span>\r\n<\/div>\r\n\r\n<style>\r\n.badge-container {\r\n    display: inline-flex;\r\n    align-items: center;\r\n    background: rgba(255, 255, 255, 0.1); \n    border: 1px solid rgba(0, 0, 0, 0.05);\r\n    padding: 4px 12px;\r\n    border-radius: 50px;\r\n    margin-bottom: 20px;\r\n    font-family: 'Poppins', sans-serif;\r\n}\r\n\r\n.status-badge {\r\n    background-color: #ff4d4d; \n    color: white;\r\n    font-size: 11px;\r\n    font-weight: 700;\r\n    padding: 2px 8px;\r\n    border-radius: 20px;\r\n    margin-right: 8px;\r\n    letter-spacing: 0.5px;\r\n    box-shadow: 0 2px 10px rgba(255, 77, 77, 0.3);\r\n}\r\n\r\n.badge-text {\r\n    font-size: 12px;\r\n    color: #666;\r\n    font-weight: 500;\r\n    text-transform: uppercase;\r\n    letter-spacing: 1px;\r\n}\r\n\r\n@keyframes pulse-soft {\r\n    0% { transform: scale(1); }\r\n    50% { transform: scale(1.03); }\r\n    100% { transform: scale(1); }\r\n}\r\n\r\n.badge-container {\r\n    animation: pulse-soft 3s infinite ease-in-out;\r\n}\r\n<\/style>\t\t\t\t<\/div>\n\t\t\t\t<div class=\"elementor-element elementor-element-6ce55b0 elementor-widget__width-initial elementor-widget-mobile__width-inherit elementor-widget elementor-widget-text-editor\" data-id=\"6ce55b0\" data-element_type=\"widget\" data-e-type=\"widget\" data-widget_type=\"text-editor.default\">\n\t\t\t\t\t\t\t\t\t<p>Ups! N\u00e4ytt\u00e4\u00e4 silt\u00e4, ett\u00e4 t\u00e4\u00e4ll\u00e4 on &#8217;aukko&#8217;&#8230;<\/p>\t\t\t\t\t\t\t\t<\/div>\n\t\t\t\t<div class=\"elementor-element elementor-element-834da8a elementor-widget__width-inherit elementor-widget elementor-widget-text-editor\" data-id=\"834da8a\" data-element_type=\"widget\" data-e-type=\"widget\" data-widget_type=\"text-editor.default\">\n\t\t\t\t\t\t\t\t\t<p>Juuri kuten puuttuva hammas, etsim\u00e4si sivu on kadonnut. Mutta \u00e4l\u00e4 huoli! Meill\u00e4 ei ole ompeleita, turvotusta eik\u00e4 odotusaikaa. Emme ehk\u00e4 pysty l\u00f6yt\u00e4m\u00e4\u00e4n puuttuvaa sivua, mutta voimme antaa sinulle t\u00e4ydelliset, kiinte\u00e4t hampaat, joita voit k\u00e4ytt\u00e4\u00e4 samana p\u00e4iv\u00e4n\u00e4.<\/p>\t\t\t\t\t\t\t\t<\/div>\n\t\t\t\t<div class=\"elementor-element elementor-element-078ad5d elementor-align-left anasayfa elementor-widget elementor-widget-ld_button\" data-id=\"078ad5d\" data-element_type=\"widget\" data-e-type=\"widget\" data-widget_type=\"ld_button.default\">\n\t\t\t\t<div class=\"elementor-widget-container\">\n\t\t\t\t\t\n\t\t\t<a\n\t\t\t\thref=\"#\"class=\"elementor-button btn btn-solid btn-icon-shaped btn-has-label\"\t\t\t>\n\t\t\t\t\t\t\t\t\t<span data-text=\"Siirry etusivulle\" class=\"btn-txt\">\n\t\t\t\t\t\tSiirry etusivulle\t\t\t\t\t<\/span>\n\t\t\t\t\t\t\t\t\t\t\t<\/a>\n\t\t\t\t\t\t\t<\/div>\n\t\t\t\t<\/div>\n\t\t\t\t<\/div>\n\t\t<div class=\"elementor-element elementor-element-59c1fdb e-con-full e-flex e-con e-child\" data-id=\"59c1fdb\" data-element_type=\"container\" data-e-type=\"container\">\n\t\t\t\t<div class=\"elementor-element elementor-element-8d6bbda elementor-widget elementor-widget-html\" data-id=\"8d6bbda\" data-element_type=\"widget\" data-e-type=\"widget\" data-widget_type=\"html.default\">\n\t\t\t\t\t<div class=\"dis-animasyon-kapsayici\">\r\n    <img decoding=\"async\" class=\"eksik-dis\" src=\"https:\/\/papatyadentalclinic.com\/wp-content\/uploads\/2026\/01\/eksik-dis.svg\">\r\n    <img decoding=\"async\" class=\"tam-dis\" src=\"https:\/\/papatyadentalclinic.com\/wp-content\/uploads\/2026\/01\/tam-dis.svg\">\r\n<\/div>\r\n\r\n<style>\r\n\/* Kapsay\u0131c\u0131 Ayarlar\u0131 *\/\r\n.dis-animasyon-kapsayici {\r\n    position: relative;\r\n    display: inline-block;\r\n    width: 700px;\r\n    \/* Animasyonun yumu\u015fak biti\u015fi i\u00e7in transform ge\u00e7i\u015fi ekledik *\/\r\n    transition: transform 0.5s ease;\r\n}\r\n\r\n\/* G\u00f6rsel Ayarlar\u0131 *\/\r\n.eksik-dis, .tam-dis {\r\n    width: 700px;\r\n    transition: opacity 3s ease-in-out !important;\r\n    display: block; \/* Alt bo\u015fluklar\u0131 engellemek i\u00e7in *\/\r\n}\r\n@media (max-width: 768px) {\r\n    .dis-animasyon-kapsayici {\r\n        max-width: 100%; \/* Mobilde kenarlardan az bir bo\u015fluk b\u0131rak\u0131r *\/\r\n    }\r\n}\r\n.tam-dis {\r\n    position: absolute;\r\n    top: 0;\r\n    left: 0;\r\n    opacity: 0;\r\n}\r\n\r\n.eksik-dis {\r\n    opacity: 1;\r\n}\r\n\r\n\/* --- YEN\u0130 EKLENEN AN\u0130MASYON EFEKTLER\u0130 --- *\/\r\n\r\n\/* Butona t\u0131kland\u0131\u011f\u0131nda kapsay\u0131c\u0131ya uygulanacak titreme ve b\u00fcy\u00fcme *\/\r\n.animasyon-basladi .dis-animasyon-kapsayici {\r\n    animation: dikkat-cek 0.8s ease-in-out;\r\n    \/* Animasyon bittikten sonra hafif b\u00fcy\u00fck kalmas\u0131n\u0131 isterseniz: *\/\r\n    transform: scale(1.05); \r\n}\r\n\r\n@keyframes dikkat-cek {\r\n    0% { transform: scale(1); }\r\n    15% { transform: scale(1.1) rotate(-2deg); }\r\n    30% { transform: scale(1.1) rotate(2deg); }\r\n    45% { transform: scale(1.1) rotate(-2deg); }\r\n    60% { transform: scale(1.1) rotate(2deg); }\r\n    100% { transform: scale(1.05) rotate(0deg); }\r\n}\r\n\r\n\/* G\u00f6rsel Ge\u00e7i\u015fleri *\/\r\n.animasyon-basladi .eksik-dis {\r\n    opacity: 0 !important;\r\n}\r\n\r\n.animasyon-basladi .tam-dis {\r\n    opacity: 1 !important;\r\n}\r\n<\/style>\r\n\r\n<script>\r\ndocument.addEventListener('DOMContentLoaded', function() {\r\n    \/\/ S\u0131n\u0131f\u0131 anasayfa olan butonunuzu hedefliyoruz\r\n    const butonKapsayici = document.querySelector('.anasayfa a');\r\n\r\n    if (butonKapsayici) {\r\n        butonKapsayici.addEventListener('click', function(e) {\r\n            e.preventDefault(); \r\n\r\n            \/\/ Body'e s\u0131n\u0131f ekleyerek t\u00fcm CSS animasyonlar\u0131n\u0131 ba\u015flat\u0131yoruz\r\n            document.body.classList.add('animasyon-basladi');\r\n\r\n            \/\/ 3 saniye sonra (di\u015flerin d\u00f6n\u00fc\u015f\u00fcm\u00fc bitince) y\u00f6nlendir\r\n            setTimeout(function() {\r\n                window.location.href = 'https:\/\/papatyadentalclinic.com';\r\n            }, 3000);\r\n        });\r\n    }\r\n});\r\n<\/script>\t\t\t\t<\/div>\n\t\t\t\t<\/div>\n\t\t\t\t\t<\/div>\n\t\t\t\t<\/div>\n\t\t\t\t<\/div>\n\t\t","protected":false},"excerpt":{"rendered":"<p>404 Page Not Found Oops! It looks like there\u2019s a &#8217;gap&#8217; here&#8230; Just like a missing tooth, the page you\u2019re looking for is gone. But don\u2019t worry! With us, there are no stitches, no swelling, and no waiting time. We might not be able to find the missing page, but we can give you perfect, [&hellip;]<\/p>\n","protected":false},"author":1,"featured_media":0,"parent":0,"menu_order":0,"comment_status":"closed","ping_status":"closed","template":"","meta":{"footnotes":""},"class_list":["post-7270","page","type-page","status-publish","hentry"],"_links":{"self":[{"href":"https:\/\/papatyadentalclinic.com\/fi\/wp-json\/wp\/v2\/pages\/7270","targetHints":{"allow":["GET"]}}],"collection":[{"href":"https:\/\/papatyadentalclinic.com\/fi\/wp-json\/wp\/v2\/pages"}],"about":[{"href":"https:\/\/papatyadentalclinic.com\/fi\/wp-json\/wp\/v2\/types\/page"}],"author":[{"embeddable":true,"href":"https:\/\/papatyadentalclinic.com\/fi\/wp-json\/wp\/v2\/users\/1"}],"replies":[{"embeddable":true,"href":"https:\/\/papatyadentalclinic.com\/fi\/wp-json\/wp\/v2\/comments?post=7270"}],"version-history":[{"count":0,"href":"https:\/\/papatyadentalclinic.com\/fi\/wp-json\/wp\/v2\/pages\/7270\/revisions"}],"wp:attachment":[{"href":"https:\/\/papatyadentalclinic.com\/fi\/wp-json\/wp\/v2\/media?parent=7270"}],"curies":[{"name":"wp","href":"https:\/\/api.w.org\/{rel}","templated":true}]}}