{"id":7376,"date":"2025-12-26T06:43:12","date_gmt":"2025-12-26T06:43:12","guid":{"rendered":"https:\/\/papatyadentalclinic.com\/now\/"},"modified":"2025-12-26T06:43:12","modified_gmt":"2025-12-26T06:43:12","slug":"now","status":"publish","type":"page","link":"https:\/\/papatyadentalclinic.com\/de\/now\/","title":{"rendered":"Jetzt"},"content":{"rendered":"\t\t<div data-elementor-type=\"wp-page\" data-elementor-id=\"7376\" class=\"elementor elementor-7376 elementor-3101\" data-elementor-post-type=\"page\">\n\t\t\t\t<div class=\"elementor-element elementor-element-3583b7e e-con-full e-flex e-con e-parent\" data-id=\"3583b7e\" data-element_type=\"container\" data-e-type=\"container\" data-settings=\"{&quot;background_background&quot;:&quot;classic&quot;}\">\n\t\t<div class=\"elementor-element elementor-element-ed5e1e1 e-flex e-con-boxed e-con e-child\" data-id=\"ed5e1e1\" data-element_type=\"container\" data-e-type=\"container\" data-settings=\"{&quot;background_background&quot;:&quot;classic&quot;}\">\n\t\t\t\t\t<div class=\"e-con-inner\">\n\t\t<div class=\"elementor-element elementor-element-a193acf e-con-full e-flex e-con e-child\" data-id=\"a193acf\" data-element_type=\"container\" data-e-type=\"container\">\n\t\t\t\t<div class=\"elementor-element elementor-element-dcf7352 elementor-invisible elementor-widget elementor-widget-text-editor\" data-id=\"dcf7352\" data-element_type=\"widget\" data-e-type=\"widget\" data-settings=\"{&quot;_animation&quot;:&quot;fadeInLeft&quot;,&quot;_animation_delay&quot;:400}\" data-widget_type=\"text-editor.default\">\n\t\t\t\t\t\t\t\t\tPapatya Dental Clinic\t\t\t\t\t\t\t\t<\/div>\n\t\t\t\t<div class=\"elementor-element elementor-element-b95325c elementor-widget__width-inherit elementor-widget elementor-widget-text-editor\" data-id=\"b95325c\" data-element_type=\"widget\" data-e-type=\"widget\" data-widget_type=\"text-editor.default\">\n\t\t\t\t\t\t\t\t\t<div id=\"wd-6914689e4edf8\" class=\"title-wrapper wd-wpb wd-set-mb reset-last-child wd-rs-6914689e4edf8 wd-title-color-default wd-title-style-default text-left wd-underline-colored\"><div class=\"title-after_title reset-last-child wd-fontsize-s\">Der Oktober war ein Monat voller Gesundheit, Sch\u00f6nheit und Transformation. Wir haben erfolgreich die Behandlungen von Patienten abgeschlossen, die uns aus dem Vereinigten K\u00f6nigreich, Estland und Polen besucht haben, und mehr als 150 neue L\u00e4cheln zum Leben erweckt.<\/div><\/div>\t\t\t\t\t\t\t\t<\/div>\n\t\t\t\t<div class=\"elementor-element elementor-element-cc6e983 elementor-align-left elementor-hidden-tablet elementor-hidden-mobile elementor-widget elementor-widget-ld_button\" data-id=\"cc6e983\" data-element_type=\"widget\" data-e-type=\"widget\" data-widget_type=\"ld_button.default\">\n\t\t\t\t<div class=\"elementor-widget-container\">\n\t\t\t\t\t\n\t\t\t<a href=\"https:\/\/wa.me\/905535595826\" class=\"elementor-button btn btn-solid btn-icon-shaped btn-has-label\" target=\"_blank\" rel=\"noopener\">\n\t\t\t\t\t\t\t\t\t<span data-text=\"Erfahren Sie heute mehr \u00fcber die Nachsorge\" class=\"btn-txt\">\n\t\t\t\t\t\tErfahren Sie heute mehr \u00fcber die Nachsorge\t\t\t\t\t<\/span>\n\t\t\t\t\t\t\t\t\t\t\t<\/a>\n\t\t\t\t\t\t\t<\/div>\n\t\t\t\t<\/div>\n\t\t\t\t<\/div>\n\t\t<div class=\"elementor-element elementor-element-1d951cc e-con-full e-flex e-con e-child\" data-id=\"1d951cc\" data-element_type=\"container\" data-e-type=\"container\">\n\t\t\t\t<div class=\"elementor-element elementor-element-6281490 elementor-widget elementor-widget-html\" data-id=\"6281490\" data-element_type=\"widget\" data-e-type=\"widget\" data-widget_type=\"html.default\">\n\t\t\t\t\t<div class=\"art-frame-wrapper\">\r\n  <div class=\"rotating-frame frame-1\"><\/div>\r\n  <div class=\"rotating-frame frame-2\"><\/div>\r\n\r\n  <div class=\"image-frame\">\r\n    <img decoding=\"async\" src=\"https:\/\/papatyadentalclinic.com\/wp-content\/uploads\/2025\/12\/now-October-2025-3-scaled-1.webp\" alt=\"Smile Image\">\r\n  <\/div>\r\n<\/div>\r\n<style>\r\n.art-frame-wrapper {\r\n  position: relative;\r\n  width: 320px;\r\n  height: 420px;\r\n  margin: auto;\r\n}\r\n\r\n\/* Ana g\u00f6rsel \u00e7er\u00e7evesi *\/\r\n.image-frame {\r\n  position: relative;\r\n  z-index: 3;\r\n  width: 100%;\r\n  height: 100%;\r\n  border-radius: 260px 260px 30px 30px;\r\n  overflow: hidden;\r\n  border: 2px solid rgba(120,120,100,0.35);\r\n  transition: transform 0.6s ease;\r\n}\r\n\r\n.image-frame img {\r\n  width: 100%;\r\n  height: 100%;\r\n  object-fit: cover;\r\n}\r\n\r\n\/* Hover \u2013 premium hafif hareket *\/\r\n.art-frame-wrapper:hover .image-frame {\r\n  transform: scale(1.02) translateY(-6px);\r\n}\r\n\r\n\/* Arka d\u00f6nen \u00e7er\u00e7eveler *\/\r\n.rotating-frame {\r\n  position: absolute;\r\n  inset: -20px;\r\n  border-radius: 280px 280px 40px 40px;\r\n  border: 1px solid rgba(140,140,120,0.35);\r\n  z-index: 1;\r\n  animation: slowRotate 22s linear infinite;\r\n}\r\n\r\n\/* ikinci \u00e7er\u00e7eve *\/\r\n.frame-2 {\r\n  inset: -40px;\r\n  border-style: dashed;\r\n  animation-duration: 36s;\r\n  opacity: 0.6;\r\n}\r\n\r\n\/* Hover olunca d\u00f6n\u00fc\u015f h\u0131zlan\u0131r *\/\r\n.art-frame-wrapper:hover .rotating-frame {\r\n  animation-duration: 12s;\r\n}\r\n\r\n\/* Animasyon *\/\r\n@keyframes slowRotate {\r\n  from {\r\n    transform: rotate(0deg);\r\n  }\r\n  to {\r\n    transform: rotate(360deg);\r\n  }\r\n}\r\n\r\n\/* Mobil *\/\r\n@media (max-width: 768px) {\r\n  .art-frame-wrapper {\r\n    width: 300px;\r\n    height: 380px;\r\n  }\r\n  \r\n  \r\n  \r\n  \r\n  \r\n  \r\n  \r\n  \r\n  \r\n}\r\n\r\n<\/style>\t\t\t\t<\/div>\n\t\t\t\t<\/div>\n\t\t\t\t\t<\/div>\n\t\t\t\t<\/div>\n\t\t\t\t<\/div>\n\t\t<div class=\"elementor-element elementor-element-44de169 e-flex e-con-boxed e-con e-parent\" data-id=\"44de169\" data-element_type=\"container\" data-e-type=\"container\">\n\t\t\t\t\t<div class=\"e-con-inner\">\n\t\t\t\t<div class=\"elementor-element elementor-element-357e1fb elementor-widget elementor-widget-html\" data-id=\"357e1fb\" data-element_type=\"widget\" data-e-type=\"widget\" data-widget_type=\"html.default\">\n\t\t\t\t\t<div id=\"dynamic-timeline\" class=\"timeline-container\"><\/div>\r\n\r\n<div id=\"loading-spinner\" style=\"text-align:center; display:none; padding: 50px;\">\r\n    <div class=\"spinner\"><\/div>\r\n<\/div>\r\n\r\n<style>\r\n\/* --- G\u00d6RSEL AYARLAR (CSS) --- *\/\r\n.timeline-container { \r\n    max-width: 1300px; \r\n    margin: 0 auto; \r\n    padding: 40px 20px; \r\n    font-family: 'Poppins', sans-serif;\r\n}\r\n\r\n.month-block {\r\n    display: grid !important;\r\n    grid-template-columns: 320px 1fr !important;\r\n    gap: 60px !important;\r\n    margin-bottom: 120px !important;\r\n    opacity: 0;\r\n    transform: translateY(40px);\r\n    transition: all 0.8s ease-out !important;\r\n}\r\n\r\n.month-block.animate-in { \r\n    opacity: 1 !important; \r\n    transform: translateY(0) !important; \r\n}\r\n\r\n.month-info { \r\n    position: sticky !important; \r\n    top: 100px !important; \r\n    align-self: start; \r\n}\r\n\r\n.date-badge {\r\n    background: #f2bb4d !important;\r\n    color: #fff !important;\r\n    padding: 12px 25px !important;\r\n    border-radius: 4px !important;\r\n    display: inline-block !important;\r\n    text-align: center !important;\r\n    margin-bottom: 20px !important;\r\n}\r\n\r\n.date-badge .day { font-size: 28px; font-weight: bold; display: block; }\r\n.date-badge .month { font-size: 14px; text-transform: uppercase; }\r\n\r\n.month-title { margin: 0px 0px calc(var(--kit-widget-spacing, 0px) + 0px) 0px;\r\n    padding: 0px 0px 0px 0px;\r\n    font-family: \"ivymode-regular\", Sans-serif;\r\n    font-size: 26px;\r\n    font-weight: 400;\r\n    color: #484848; }\r\n.month-summary { color: #666; line-height: 1.6; font-size: 16px; }\r\n\r\n.month-gallery {\r\n    display: grid !important;\r\n    grid-template-columns: repeat(auto-fill, minmax(250px, 1fr)) !important;\r\n    gap: 15px !important;\r\n}\r\n\r\n.gallery-item img {\r\n    width: 100% !important;\r\n    aspect-ratio: 4 \/ 3 !important;\r\n    object-fit: cover !important;\r\n    border-radius: 8px !important;\r\n    background: #f0f0f0;\r\n    transition: transform 0.3s ease;\r\n}\r\n\r\n.gallery-item img:hover { transform: scale(1.03); }\r\n\r\n.spinner {\r\n    width: 40px; height: 40px; border: 4px solid #f3f3f3;\r\n    border-top: 4px solid #f2bb4d; border-radius: 50%;\r\n    margin: 0 auto; animation: spin 1s linear infinite;\r\n}\r\n@keyframes spin { 0% { transform: rotate(0deg); } 100% { transform: rotate(360deg); } }\r\n\r\n@media (max-width: 900px) {\r\n    .month-block { grid-template-columns: 1fr !important; gap: 30px !important; }\r\n    .month-info { position: relative !important; top: 0 !important; }\r\n}\r\n<\/style>\r\n\r\n<script>\r\n(function() {\r\n    \/* G\u00d6RSELLER BENZERS\u0130ZLE\u015eT\u0130R\u0130LD\u0130: \r\n       Her ay blo\u011fu art\u0131k sadece kendine has dosya isimlerini i\u00e7eriyor.\r\n    *\/\r\n    const pastMonths = [\r\n    {\r\n        day: \"18\", \r\n        month: \"JAN 2026\",\r\n        title: \"Leeds Dental Meet-Up\",\r\n        summary: \"Details of our face-to-face event held in Leeds this January, where we met our patients and discussed personalized treatment plans.\",\r\n        images: [\r\n            \"https:\/\/papatyadis.com\/wp-content\/uploads\/2025\/12\/xsxsxs.webp\"\r\n        ]\r\n    },\r\n    {\r\n        day: \"12\", \r\n        month: \"DEC 2025\",\r\n        title: \"London Consultation Day\",\r\n        summary: \"Special moments and highlights from our December consultation meetings in London, helping our patients achieve their dream smiles.\",\r\n        images: [\r\n            \"https:\/\/papatyadis.com\/wp-content\/uploads\/2025\/12\/xsxsa.webp\",\r\n            \"https:\/\/papatyadis.com\/wp-content\/uploads\/2025\/12\/cdsac.webp\"\r\n        ]\r\n    },\r\n    {\r\n        day: \"24\", \r\n        month: \"NOV 2025\",\r\n        title: \"Manchester Clinic Visit\",\r\n        summary: \"A look back at our visit to Manchester in November, where we provided on-site consultations and smile design assessments.\",\r\n        images: [\r\n            \"https:\/\/papatyadis.com\/wp-content\/uploads\/2025\/12\/xsaf.webp\",\r\n            \"https:\/\/papatyadis.com\/wp-content\/uploads\/2025\/12\/xxxs.webp\"\r\n        ]\r\n    },\r\n    {\r\n        day: \"07\", \r\n        month: \"OCT 2025\",\r\n        title: \"Birmingham Smile Expo\",\r\n        summary: \"Capturing the best moments from our Smile Expo in Birmingham this October, focusing on digital dentistry and patient care.\",\r\n        images: [\r\n            \"https:\/\/papatyadis.com\/wp-content\/uploads\/2025\/12\/now-October-2025-3-scaled-2.webp\"\r\n        ]\r\n    }\r\n];\r\n\r\n    let currentIndex = 0;\r\n    let isLoading = false;\r\n\r\n    function loadNextMonth() {\r\n        if (currentIndex >= pastMonths.length || isLoading) return;\r\n\r\n        isLoading = true;\r\n        const container = document.getElementById('dynamic-timeline');\r\n        const loader = document.getElementById('loading-spinner');\r\n        \r\n        if (loader) loader.style.display = 'block';\r\n\r\n        const data = pastMonths[currentIndex];\r\n        const section = document.createElement('section');\r\n        section.className = 'month-block';\r\n        \r\n        \/\/ Benzersiz g\u00f6rselleri HTML'e d\u00f6k\u00fcyoruz\r\n        const galleryHTML = data.images.map(imgLink => `\r\n            <div class=\"gallery-item\">\r\n                <img decoding=\"async\" src=\"${imgLink}\" loading=\"lazy\" alt=\"${data.title}\">\r\n            <\/div>\r\n        `).join('');\r\n\r\n        section.innerHTML = `\r\n            <div class=\"month-info\">\r\n                <div class=\"date-badge\">\r\n                    <span class=\"day\">${data.day}<\/span>\r\n                    <span class=\"month\">${data.month}<\/span>\r\n                <\/div>\r\n                <h2 class=\"month-title\">${data.title}<\/h2>\r\n                <p class=\"month-summary\">${data.summary}<\/p>\r\n            <\/div>\r\n            <div class=\"month-gallery\">${galleryHTML}<\/div>\r\n        `;\r\n        \r\n        container.appendChild(section);\r\n\r\n        setTimeout(() => {\r\n            section.classList.add('animate-in');\r\n            isLoading = false;\r\n            if (loader) loader.style.display = 'none';\r\n        }, 150);\r\n\r\n        currentIndex++;\r\n    }\r\n\r\n    window.addEventListener('scroll', () => {\r\n        if ((window.innerHeight + window.scrollY) >= document.body.offsetHeight - 700) {\r\n            loadNextMonth();\r\n        }\r\n    });\r\n\r\n    window.addEventListener('DOMContentLoaded', () => {\r\n        loadNextMonth(); \r\n        setTimeout(() => {\r\n            if(window.innerHeight > document.body.offsetHeight - 200) loadNextMonth();\r\n        }, 600);\r\n    });\r\n\r\n})();\r\n<\/script>\t\t\t\t<\/div>\n\t\t\t\t\t<\/div>\n\t\t\t\t<\/div>\n\t\t\t\t<\/div>\n\t\t","protected":false},"excerpt":{"rendered":"<p>Papatya Dental ClinicOctober was a month filled with health, beauty, and transformation. We successfully completed the treatments of patients visiting us from the UK, Estonia and Poland bringing more than 150 new smiles to life. Learn About Aftercare Today<\/p>\n","protected":false},"author":1,"featured_media":0,"parent":0,"menu_order":0,"comment_status":"closed","ping_status":"closed","template":"","meta":{"footnotes":""},"class_list":["post-7376","page","type-page","status-publish","hentry"],"_links":{"self":[{"href":"https:\/\/papatyadentalclinic.com\/de\/wp-json\/wp\/v2\/pages\/7376","targetHints":{"allow":["GET"]}}],"collection":[{"href":"https:\/\/papatyadentalclinic.com\/de\/wp-json\/wp\/v2\/pages"}],"about":[{"href":"https:\/\/papatyadentalclinic.com\/de\/wp-json\/wp\/v2\/types\/page"}],"author":[{"embeddable":true,"href":"https:\/\/papatyadentalclinic.com\/de\/wp-json\/wp\/v2\/users\/1"}],"replies":[{"embeddable":true,"href":"https:\/\/papatyadentalclinic.com\/de\/wp-json\/wp\/v2\/comments?post=7376"}],"version-history":[{"count":0,"href":"https:\/\/papatyadentalclinic.com\/de\/wp-json\/wp\/v2\/pages\/7376\/revisions"}],"wp:attachment":[{"href":"https:\/\/papatyadentalclinic.com\/de\/wp-json\/wp\/v2\/media?parent=7376"}],"curies":[{"name":"wp","href":"https:\/\/api.w.org\/{rel}","templated":true}]}}