{"id":7211,"date":"2026-04-09T08:30:49","date_gmt":"2026-04-09T08:30:49","guid":{"rendered":"https:\/\/papatyadentalclinic.com\/book-now\/"},"modified":"2026-04-09T08:30:49","modified_gmt":"2026-04-09T08:30:49","slug":"book-now","status":"publish","type":"page","link":"https:\/\/papatyadentalclinic.com\/de\/book-now\/","title":{"rendered":"Jetzt buchen"},"content":{"rendered":"\t\t<div data-elementor-type=\"wp-page\" data-elementor-id=\"7211\" class=\"elementor elementor-7211 elementor-5308\" data-elementor-post-type=\"page\">\n\t\t\t\t<div class=\"elementor-element elementor-element-400406e e-con-full e-flex e-con e-parent\" data-id=\"400406e\" data-element_type=\"container\" data-e-type=\"container\">\n\t\t<div class=\"elementor-element elementor-element-e80ea32 e-flex e-con-boxed e-con e-child\" data-id=\"e80ea32\" data-element_type=\"container\" data-e-type=\"container\" data-settings=\"{&quot;background_background&quot;:&quot;classic&quot;}\">\n\t\t\t\t\t<div class=\"e-con-inner\">\n\t\t<div class=\"elementor-element elementor-element-fcc475b e-con-full e-flex e-con e-child\" data-id=\"fcc475b\" data-element_type=\"container\" data-e-type=\"container\">\n\t\t\t\t<div class=\"elementor-element elementor-element-f44ee83 elementor-invisible elementor-widget elementor-widget-text-editor\" data-id=\"f44ee83\" data-element_type=\"widget\" data-e-type=\"widget\" data-settings=\"{&quot;_animation&quot;:&quot;fadeInLeft&quot;,&quot;_animation_delay&quot;:400}\" data-widget_type=\"text-editor.default\">\n\t\t\t\t\t\t\t\t\tJetzt buchen\t\t\t\t\t\t\t\t<\/div>\n\t\t\t\t<div class=\"elementor-element elementor-element-f15929f elementor-widget__width-inherit elementor-widget elementor-widget-text-editor\" data-id=\"f15929f\" data-element_type=\"widget\" data-e-type=\"widget\" data-widget_type=\"text-editor.default\">\n\t\t\t\t\t\t\t\t\t<p>Kommt einen Schritt n\u00e4her zu dem gesunden L\u00e4cheln Ihrer Tr\u00e4ume. W\u00e4hlen Sie die Zeit, die Ihnen am besten passt, und \u00fcberlassen Sie den Rest unserem Team.<\/p>\t\t\t\t\t\t\t\t<\/div>\n\t\t\t\t<\/div>\n\t\t<div class=\"elementor-element elementor-element-a58b5c6 e-con-full e-flex e-con e-child\" data-id=\"a58b5c6\" data-element_type=\"container\" data-e-type=\"container\">\n\t\t\t\t<div class=\"elementor-element elementor-element-ca36883 elementor-widget elementor-widget-html\" data-id=\"ca36883\" data-element_type=\"widget\" data-e-type=\"widget\" data-widget_type=\"html.default\">\n\t\t\t\t\t<div class=\"art-frame-wrapper\">\r\n  <div class=\"rotating-frame frame-1\"><\/div>\r\n  <div class=\"rotating-frame frame-2\"><\/div>\r\n\r\n  <div class=\"image-frame\">\r\n    <img decoding=\"async\" src=\"https:\/\/papatyadentalclinic.com\/wp-content\/uploads\/2025\/12\/aea114bae1af81eb6b2b3ee502239ddf.jpg\" alt=\"Smile Image\">\r\n  <\/div>\r\n<\/div>\r\n<style>\r\n.art-frame-wrapper {\r\n  position: relative;\r\n  width: 320px;\r\n  height: 420px;\r\n  margin: auto;\r\n}\r\n\r\n\/* Ana g\u00f6rsel \u00e7er\u00e7evesi *\/\r\n.image-frame {\r\n  position: relative;\r\n  z-index: 3;\r\n  width: 100%;\r\n  height: 100%;\r\n  border-radius: 260px 260px 30px 30px;\r\n  overflow: hidden;\r\n  border: 2px solid rgba(120,120,100,0.35);\r\n  transition: transform 0.6s ease;\r\n}\r\n\r\n.image-frame img {\r\n  width: 100%;\r\n  height: 100%;\r\n  object-fit: cover;\r\n}\r\n\r\n\/* Hover \u2013 premium hafif hareket *\/\r\n.art-frame-wrapper:hover .image-frame {\r\n  transform: scale(1.02) translateY(-6px);\r\n}\r\n\r\n\/* Arka d\u00f6nen \u00e7er\u00e7eveler *\/\r\n.rotating-frame {\r\n  position: absolute;\r\n  inset: -20px;\r\n  border-radius: 280px 280px 40px 40px;\r\n  border: 1px solid rgba(140,140,120,0.35);\r\n  z-index: 1;\r\n  animation: slowRotate 22s linear infinite;\r\n}\r\n\r\n\/* ikinci \u00e7er\u00e7eve *\/\r\n.frame-2 {\r\n  inset: -40px;\r\n  border-style: dashed;\r\n  animation-duration: 36s;\r\n  opacity: 0.6;\r\n}\r\n\r\n\/* Hover olunca d\u00f6n\u00fc\u015f h\u0131zlan\u0131r *\/\r\n.art-frame-wrapper:hover .rotating-frame {\r\n  animation-duration: 12s;\r\n}\r\n\r\n\/* Animasyon *\/\r\n@keyframes slowRotate {\r\n  from {\r\n    transform: rotate(0deg);\r\n  }\r\n  to {\r\n    transform: rotate(360deg);\r\n  }\r\n}\r\n\r\n\/* Mobil *\/\r\n@media (max-width: 768px) {\r\n  .art-frame-wrapper {\r\n    width: 300px;\r\n    height: 380px;\r\n  }\r\n  \r\n  \r\n  \r\n  \r\n  \r\n  \r\n  \r\n  \r\n  \r\n}\r\n\r\n<\/style>\t\t\t\t<\/div>\n\t\t\t\t<\/div>\n\t\t\t\t\t<\/div>\n\t\t\t\t<\/div>\n\t\t\t\t<\/div>\n\t\t<div class=\"elementor-element elementor-element-31a7d04 e-flex e-con-boxed e-con e-parent\" data-id=\"31a7d04\" data-element_type=\"container\" data-e-type=\"container\">\n\t\t\t\t\t<div class=\"e-con-inner\">\n\t\t\t\t<div class=\"elementor-element elementor-element-31478b6 elementor-widget elementor-widget-html\" data-id=\"31478b6\" data-element_type=\"widget\" data-e-type=\"widget\" data-widget_type=\"html.default\">\n\t\t\t\t\t<iframe src=\"https:\/\/api.leadconnectorhq.com\/widget\/booking\/lpCfSkmqD8wDm2ne4EAe\" style=\"width: 100%;height:700px;border:none;overflow: hidden;\" scrolling=\"no\" id=\"lpCfSkmqD8wDm2ne4EAe_1773694391814\"><\/iframe><br><script src=\"https:\/\/link.msgsndr.com\/js\/form_embed.js\" type=\"text\/javascript\"><\/script>\t\t\t\t<\/div>\n\t\t\t\t\t<\/div>\n\t\t\t\t<\/div>\n\t\t\t\t<\/div>\n\t\t","protected":false},"excerpt":{"rendered":"<p>Book Now Get one step closer to the healthy smile of your dreams. Choose the time that suits you best and leave the rest to our team<\/p>\n","protected":false},"author":1,"featured_media":0,"parent":0,"menu_order":0,"comment_status":"closed","ping_status":"closed","template":"","meta":{"footnotes":""},"class_list":["post-7211","page","type-page","status-publish","hentry"],"_links":{"self":[{"href":"https:\/\/papatyadentalclinic.com\/de\/wp-json\/wp\/v2\/pages\/7211","targetHints":{"allow":["GET"]}}],"collection":[{"href":"https:\/\/papatyadentalclinic.com\/de\/wp-json\/wp\/v2\/pages"}],"about":[{"href":"https:\/\/papatyadentalclinic.com\/de\/wp-json\/wp\/v2\/types\/page"}],"author":[{"embeddable":true,"href":"https:\/\/papatyadentalclinic.com\/de\/wp-json\/wp\/v2\/users\/1"}],"replies":[{"embeddable":true,"href":"https:\/\/papatyadentalclinic.com\/de\/wp-json\/wp\/v2\/comments?post=7211"}],"version-history":[{"count":0,"href":"https:\/\/papatyadentalclinic.com\/de\/wp-json\/wp\/v2\/pages\/7211\/revisions"}],"wp:attachment":[{"href":"https:\/\/papatyadentalclinic.com\/de\/wp-json\/wp\/v2\/media?parent=7211"}],"curies":[{"name":"wp","href":"https:\/\/api.w.org\/{rel}","templated":true}]}}